{"id":1215,"date":"2018-10-26T13:06:41","date_gmt":"2018-10-26T10:06:41","guid":{"rendered":"http:\/\/rsgu.eu\/contacts\/"},"modified":"2018-12-20T12:25:44","modified_gmt":"2018-12-20T09:25:44","slug":"contacts","status":"publish","type":"page","link":"https:\/\/rsgu.eu\/lt\/contacts\/","title":{"rendered":"Contacts"},"content":{"rendered":"<div class=\"wpb-content-wrapper\"><section class=\"vc_section section_top-menu vc_custom_1536161402981 vc_section-has-fill\"><div class=\"vc_row wpb_row vc_row-fluid\"><div class=\"wpb_column vc_column_container vc_col-sm-4\"><div class=\"vc_column-inner\"><div class=\"wpb_wrapper\">\n\t<div class=\"wpb_text_column wpb_content_element vc_custom_1535714307257 loc_head\" >\n\t\t<div class=\"wpb_wrapper\">\n\t\t\t<p>Elizabetes street 85A-19, Riga, LV-1050<\/p>\n\n\t\t<\/div>\n\t<\/div>\n<\/div><\/div><\/div><div class=\"wpb_column vc_column_container vc_col-sm-3\"><div class=\"vc_column-inner\"><div class=\"wpb_wrapper\">\n\t<div class=\"wpb_text_column wpb_content_element vc_custom_1535714314175 mail_head\" >\n\t\t<div class=\"wpb_wrapper\">\n\t\t\t<p><a href=\"mailto:info@rsgu.eu\">info@rsgu.eu<\/a><\/p>\n\n\t\t<\/div>\n\t<\/div>\n<\/div><\/div><\/div><div class=\"wpb_column vc_column_container vc_col-sm-3\"><div class=\"vc_column-inner\"><div class=\"wpb_wrapper\">\n\t<div class=\"wpb_text_column wpb_content_element vc_custom_1535716285138 tel_head\" >\n\t\t<div class=\"wpb_wrapper\">\n\t\t\t<p><a href=\"tel:+371 2881 1244\">+371 2881 1244<\/a><\/p>\n\n\t\t<\/div>\n\t<\/div>\n<\/div><\/div><\/div><div class=\"wpb_column vc_column_container vc_col-sm-2\"><div class=\"vc_column-inner\"><div class=\"wpb_wrapper\"><div  class=\"wpb_widgetised_column wpb_content_element\">\n\t\t<div class=\"wpb_wrapper\">\n\t\t\t\n\t\t\t<section id=\"icl_lang_sel_widget-2\" class=\"widget widget_icl_lang_sel_widget\">\n<div\n\t class=\"wpml-ls-sidebars-sidebar-1 wpml-ls wpml-ls-legacy-dropdown js-wpml-ls-legacy-dropdown\">\n\t<ul>\n\n\t\t<li tabindex=\"0\" class=\"wpml-ls-slot-sidebar-1 wpml-ls-item wpml-ls-item-lt wpml-ls-current-language wpml-ls-item-legacy-dropdown\">\n\t\t\t<a href=\"#\" class=\"js-wpml-ls-item-toggle wpml-ls-item-toggle\"><span class=\"wpml-ls-native\">Lietuvos<\/span><\/a>\n\n\t\t\t<ul class=\"wpml-ls-sub-menu\">\n\t\t\t\t\n\t\t\t\t\t<li class=\"wpml-ls-slot-sidebar-1 wpml-ls-item wpml-ls-item-en wpml-ls-first-item\">\n\t\t\t\t\t\t<a href=\"https:\/\/rsgu.eu\/en\/\"><span class=\"wpml-ls-display\">English<\/span><\/a>\n\t\t\t\t\t<\/li>\n\n\t\t\t\t\n\t\t\t\t\t<li class=\"wpml-ls-slot-sidebar-1 wpml-ls-item wpml-ls-item-et\">\n\t\t\t\t\t\t<a href=\"https:\/\/rsgu.eu\/et\/\"><span class=\"wpml-ls-display\">Estonian<\/span><\/a>\n\t\t\t\t\t<\/li>\n\n\t\t\t\t\n\t\t\t\t\t<li class=\"wpml-ls-slot-sidebar-1 wpml-ls-item wpml-ls-item-lv\">\n\t\t\t\t\t\t<a href=\"https:\/\/rsgu.eu\/lv\/\"><span class=\"wpml-ls-display\">Latvian<\/span><\/a>\n\t\t\t\t\t<\/li>\n\n\t\t\t\t\n\t\t\t\t\t<li class=\"wpml-ls-slot-sidebar-1 wpml-ls-item wpml-ls-item-ru wpml-ls-last-item\">\n\t\t\t\t\t\t<a href=\"https:\/\/rsgu.eu\/ru\/\"><span class=\"wpml-ls-display\">Russian<\/span><\/a>\n\t\t\t\t\t<\/li>\n\n\t\t\t\t\t\t\t<\/ul>\n\n\t\t<\/li>\n\n\t<\/ul>\n<\/div><\/section>\n\t\t<\/div>\n\t<\/div>\n<\/div><\/div><\/div><\/div><div class=\"vc_row wpb_row vc_row-fluid section_header-menu\"><div class=\"wpb_column vc_column_container vc_col-sm-3\"><div class=\"vc_column-inner\"><div class=\"wpb_wrapper\">\n\t<div  class=\"wpb_single_image wpb_content_element vc_align_left wpb_content_element  logo_head\">\n\t\t\n\t\t<figure class=\"wpb_wrapper vc_figure\">\n\t\t\t<a href=\"http:\/\/rsgu.eu\" target=\"_self\" class=\"vc_single_image-wrapper   vc_box_border_grey\"><img loading=\"lazy\" decoding=\"async\" width=\"175\" height=\"40\" src=\"https:\/\/rsgu.eu\/wp-content\/uploads\/2018\/08\/logo_top.png\" class=\"vc_single_image-img attachment-full\" alt=\"J\u016bras konteineri - cena, noma, pieg\u0101de - RSGU\" title=\"J\u016bras konteineri\" \/><\/a>\n\t\t<\/figure>\n\t<\/div>\n<\/div><\/div><\/div><div class=\"collapse navbar-collapse wpb_column vc_column_container vc_col-sm-6\" id=\"collapse navbar-collapse\"><div class=\"vc_column-inner\"><div class=\"wpb_wrapper\"><div id=\"main_Mnu\" class=\"wpb_widgetised_column wpb_content_element\">\n\t\t<div class=\"wpb_wrapper\">\n\t\t\t\n\t\t\t<ul><li id=\"nav_menu-2\" class=\"widget widget_nav_menu\"><div class=\"menu-lt_main_mnu-container\"><ul id=\"menu-lt_main_mnu\" class=\"menu\"><li id=\"menu-item-1620\" class=\"menu-item menu-item-type-post_type menu-item-object-page menu-item-home menu-item-1620\"><a href=\"https:\/\/rsgu.eu\/lt\/\">Prad\u017eia<\/a><\/li>\n<li id=\"menu-item-1628\" class=\"menu-item menu-item-type-custom menu-item-object-custom menu-item-home menu-item-1628\"><a href=\"https:\/\/rsgu.eu\/lt\/#about_us\">Apie mus<\/a><\/li>\n<li id=\"menu-item-1624\" class=\"menu-item menu-item-type-post_type menu-item-object-page menu-item-1624\"><a href=\"https:\/\/rsgu.eu\/lt\/containers\/\">Konteineriai<\/a><\/li>\n<li id=\"menu-item-1627\" class=\"menu-item menu-item-type-custom menu-item-object-custom menu-item-1627\"><a href=\"https:\/\/rsgu.eu\/lt\/containers_spcf\/#services\">Paslaugos<\/a><\/li>\n<li id=\"menu-item-1623\" class=\"menu-item menu-item-type-post_type menu-item-object-page menu-item-1623\"><a href=\"https:\/\/rsgu.eu\/lt\/contacts\/\">Kontaktai<\/a><\/li>\n<\/ul><\/div><\/li><\/ul>\n\t\t<\/div>\n\t<\/div>\n<\/div><\/div><\/div><div class=\"wpb_column vc_column_container vc_col-sm-3\"><div class=\"vc_column-inner\"><div class=\"wpb_wrapper\">\n\t<div class=\"wpb_text_column wpb_content_element social_head\" >\n\t\t<div class=\"wpb_wrapper\">\n\t\t\t<p><a href=\"https:\/\/www.facebook.com\/RS.Container.Group\/\" target=\"_blank\" rel=\"noopener\"><img loading=\"lazy\" decoding=\"async\" width=\"31\" height=\"31\" class=\"facebook_head alignnone wp-image-14 size-full\" src=\"http:\/\/rsgu.eu\/wp-content\/uploads\/2018\/08\/fcb.png\" alt=\"\" \/><\/a>\u00a0<a href=\"https:\/\/plus.google.com\/+RSContainerGroupSIAR%C4%ABga\" target=\"_blank\" rel=\"noopener\"><img loading=\"lazy\" decoding=\"async\" width=\"35\" height=\"35\" class=\"alignnone wp-image-1131 size-full\" style=\"margin-top: 3px;\" src=\"http:\/\/rsgu.eu\/wp-content\/uploads\/2018\/10\/media.png\" alt=\"\" \/><\/a><\/p>\n\n\t\t<\/div>\n\t<\/div>\n<\/div><\/div><\/div><\/div><div class=\"vc_row wpb_row vc_row-fluid section_85\"><div class=\"wpb_column vc_column_container vc_col-sm-12\"><div class=\"vc_column-inner\"><div class=\"wpb_wrapper\"><\/div><\/div><\/div><\/div><\/section><section class=\"vc_section\"><div class=\"vc_row wpb_row vc_row-fluid vc_custom_1537959846711\"><div class=\"wpb_column vc_column_container vc_col-sm-4\"><div class=\"vc_column-inner\"><div class=\"wpb_wrapper\"><div class=\"vc_icon_element vc_icon_element-outer vc_do_icon vc_icon_element-align-center\"><div class=\"vc_icon_element-inner vc_icon_element-color-custom vc_icon_element-size-xl vc_icon_element-style- vc_icon_element-background-color-grey\" ><span class=\"vc_icon_element-icon fa fa-map-marker\" style=\"color:#1c4b69 !important\"><\/span><\/div><\/div>\n\t<div class=\"wpb_text_column wpb_content_element contacts_text\" >\n\t\t<div class=\"wpb_wrapper\">\n\t\t\t<h4>Adresas<\/h4>\n<p>Office: Kasty\u010dio str. 12-1, Garg\u017edai, LT-96138, Lithuania<\/p>\n<p>Konteineri\u0173 terminalas Riga: Kundzinsalas 2.linija 5, Riga, LV-1005<\/p>\n\n\t\t<\/div>\n\t<\/div>\n<\/div><\/div><\/div><div class=\"contacts_center wpb_column vc_column_container vc_col-sm-4\"><div class=\"vc_column-inner\"><div class=\"wpb_wrapper\"><div class=\"vc_icon_element vc_icon_element-outer vc_do_icon vc_icon_element-align-center\"><div class=\"vc_icon_element-inner vc_icon_element-color-custom vc_icon_element-size-xl vc_icon_element-style- vc_icon_element-background-color-grey\" ><span class=\"vc_icon_element-icon fa fa-phone\" style=\"color:#1c4b69 !important\"><\/span><\/div><\/div>\n\t<div class=\"wpb_text_column wpb_content_element contacts_text\" >\n\t\t<div class=\"wpb_wrapper\">\n\t\t\t<h4>Phone<\/h4>\n<p>Phone: +371 67382706<br \/>\nFax: +371 67381661<br \/>\nMob.: +371 2881 1244<\/p>\n\n\t\t<\/div>\n\t<\/div>\n<\/div><\/div><\/div><div class=\"wpb_column vc_column_container vc_col-sm-4\"><div class=\"vc_column-inner\"><div class=\"wpb_wrapper\"><div class=\"vc_icon_element vc_icon_element-outer vc_do_icon vc_icon_element-align-center\"><div class=\"vc_icon_element-inner vc_icon_element-color-custom vc_icon_element-size-xl vc_icon_element-style- vc_icon_element-background-color-grey\" ><span class=\"vc_icon_element-icon fa fa-envelope\" style=\"color:#1c4b69 !important\"><\/span><\/div><\/div>\n\t<div class=\"wpb_text_column wpb_content_element contacts_text\" >\n\t\t<div class=\"wpb_wrapper\">\n\t\t\t<h4>Email<\/h4>\n<p>info@rsgu.eu<\/p>\n\n\t\t<\/div>\n\t<\/div>\n<\/div><\/div><\/div><\/div><div class=\"vc_row wpb_row vc_row-fluid vc_custom_1536177649908\"><div class=\"wpb_column vc_column_container vc_col-sm-12\"><div class=\"vc_column-inner\"><div class=\"wpb_wrapper\"><div class=\"wpb_gmaps_widget wpb_content_element vc_custom_1539864191695\"><div class=\"wpb_wrapper\"><div class=\"wpb_map_wraper\"><iframe loading=\"lazy\" src=\"https:\/\/www.google.com\/maps\/d\/embed?mid=1KnN4E062Pd_1GCDOzD0rUyRVG_TYM9Ma\" width=\"1200\" height=\"460\"><\/iframe><\/div><\/div><\/div><\/div><\/div><\/div><\/div><\/section><section class=\"vc_section cont_reqfrm_title vc_custom_1539252627754 vc_section-has-fill\"><div id=\"reqFrm-cont\" class=\"vc_row wpb_row vc_row-fluid\"><div class=\"wpb_column vc_column_container vc_col-sm-4\"><div class=\"vc_column-inner\"><div class=\"wpb_wrapper\">\n\t<div class=\"wpb_text_column wpb_content_element rqfrm_title\" >\n\t\t<div class=\"wpb_wrapper\">\n\t\t\t<p>U\u017eklausimo forma<\/p>\n\n\t\t<\/div>\n\t<\/div>\n<\/div><\/div><\/div><div class=\"wpb_column vc_column_container vc_col-sm-8\"><div class=\"vc_column-inner\"><div class=\"wpb_wrapper\">\n\t<div class=\"wpb_text_column wpb_content_element rqfrm_desc\" >\n\t\t<div class=\"wpb_wrapper\">\n\t\t\t<p>Tam, kad gautum\u0117te vis\u0105 reikaling\u0105 informacij\u0105 apie konteineri\u0173 kainas ir pristatymo terminus, u\u017epildykite nustatyt\u0105 u\u017eklausos form\u0105. Taip pat vis\u0105 reikaling\u0105 informacij\u0105 apie m\u016bs\u0173 teikiamas paslaugas ir informacij\u0105 apie konteinerius galite gauti elektroniniu pa\u0161tu arba para\u0161\u0119 laisvos formos u\u017eklausim\u0105 nurodytu elektroniniu pa\u0161tu.<\/p>\n\n\t\t<\/div>\n\t<\/div>\n<\/div><\/div><\/div><\/div><div class=\"vc_row wpb_row vc_row-fluid\"><div class=\"wpb_column vc_column_container vc_col-sm-4\"><div class=\"vc_column-inner\"><div class=\"wpb_wrapper\"><\/div><\/div><\/div><div class=\"wpb_column vc_column_container vc_col-sm-8\"><div class=\"vc_column-inner\"><div class=\"wpb_wrapper\"><div role=\"form\" class=\"wpcf7\" id=\"wpcf7-f1213-o1\" lang=\"ru-RU\" dir=\"ltr\">\n<div class=\"screen-reader-response\"><\/div>\n<form action=\"\/lt\/wp-json\/wp\/v2\/pages\/1215#wpcf7-f1213-o1\" method=\"post\" class=\"wpcf7-form\" novalidate=\"novalidate\">\n<div style=\"display: none;\">\n<input type=\"hidden\" name=\"_wpcf7\" value=\"1213\" \/>\n<input type=\"hidden\" name=\"_wpcf7_version\" value=\"5.0.3\" \/>\n<input type=\"hidden\" name=\"_wpcf7_locale\" value=\"ru_RU\" \/>\n<input type=\"hidden\" name=\"_wpcf7_unit_tag\" value=\"wpcf7-f1213-o1\" \/>\n<input type=\"hidden\" name=\"_wpcf7_container_post\" value=\"0\" \/>\n<\/div>\n<div class=\"form-containerrq\">\n<div class=\"leftrq\">\n<p>Vardas:<br \/>\n<span class=\"wpcf7-form-control-wrap form-namerq\"><input type=\"text\" name=\"form-namerq\" value=\"\" size=\"40\" class=\"wpcf7-form-control wpcf7-text wpcf7-validates-as-required\" id=\"form-namerq\" aria-required=\"true\" aria-invalid=\"false\" \/><\/span><\/p>\n<p>Paslaugos:<br \/>\n<span class=\"wpcf7-form-control-wrap form-servicesrq\"><select name=\"form-servicesrq\" class=\"wpcf7-form-control wpcf7-select\" id=\"form-servicesrq\" aria-invalid=\"false\"><option value=\"Pirkti konteiner\u012f\">Pirkti konteiner\u012f<\/option><option value=\"Nuoma konteineris\">Nuoma konteineris<\/option><option value=\"Parduoti konteiner\u012f\">Parduoti konteiner\u012f<\/option><option value=\"Transportas\">Transportas<\/option><option value=\"Kita\">Kita<\/option><\/select><\/span><\/p>\n<\/div>\n<div class=\"rightrq\">\n<p>El.Pa\u0161tas:<br \/>\n<span class=\"wpcf7-form-control-wrap form-mailrq\"><input type=\"email\" name=\"form-mailrq\" value=\"\" size=\"40\" class=\"wpcf7-form-control wpcf7-text wpcf7-email wpcf7-validates-as-required wpcf7-validates-as-email\" id=\"form-mailrq\" aria-required=\"true\" aria-invalid=\"false\" \/><\/span><\/p>\n<p>\u0160alis:<br \/>\n<span class=\"wpcf7-form-control-wrap form-loc\"><input type=\"text\" name=\"form-loc\" value=\"\" size=\"40\" class=\"wpcf7-form-control wpcf7-text\" id=\"form-locrq\" aria-invalid=\"false\" \/><\/span><\/p>\n<\/div>\n<p>\n<span class=\"wpcf7-form-control-wrap form-messagerq\"><textarea name=\"form-messagerq\" cols=\"40\" rows=\"10\" class=\"wpcf7-form-control wpcf7-textarea\" id=\"form-messagerq\" aria-invalid=\"false\" placeholder=\"\u017dinut\u0117:\"><\/textarea><\/span><\/p>\n<p class=\"form-button2\"><input type=\"submit\" value=\"Kainos u\u017eklausa\" class=\"wpcf7-form-control wpcf7-submit\" id=\"form-button\" \/><\/p>\n<\/div>\n<div class=\"wpcf7-response-output wpcf7-display-none\"><\/div><\/form><\/div><\/div><\/div><\/div><\/div><\/section><section class=\"vc_section section_footer\"><div class=\"vc_row wpb_row vc_row-fluid\"><div class=\"wpb_column vc_column_container vc_col-sm-12\"><div class=\"vc_column-inner\"><div class=\"wpb_wrapper\">\n\t<div class=\"wpb_text_column wpb_content_element footer_title\" >\n\t\t<div class=\"wpb_wrapper\">\n\t\t\t<p>RS CONTAINER GROUP<\/p>\n\n\t\t<\/div>\n\t<\/div>\n<div class=\"vc_row wpb_row vc_inner vc_row-fluid\"><div class=\"wpb_column vc_column_container vc_col-sm-3\"><div class=\"vc_column-inner\"><div class=\"wpb_wrapper\">\n\t<div class=\"wpb_text_column wpb_content_element footer_contacts\" >\n\t\t<div class=\"wpb_wrapper\">\n\t\t\t<p>Phone:<br \/>\n<a href=\"tel:+371 67382706\"><strong style=\"margin-bottom: 15px;\">+371 67382706<\/strong><\/a><br \/>\nFax:<br \/>\n<a href=\"tel:+371 67381661\"><strong>+371 67381661<\/strong><\/a><\/p>\n\n\t\t<\/div>\n\t<\/div>\n<\/div><\/div><\/div><div class=\"wpb_column vc_column_container vc_col-sm-3\"><div class=\"vc_column-inner\"><div class=\"wpb_wrapper\">\n\t<div class=\"wpb_text_column wpb_content_element footer_contacts\" >\n\t\t<div class=\"wpb_wrapper\">\n\t\t\t<p>Mob.:<br \/>\n<a href=\"tel:+371 2881 1244\"><strong style=\"margin-bottom: 15px;\">+371 2881 1244<\/strong><\/a><br \/>\ne-mail:<br \/>\n<a href=\"mailto:info@rsgu.eu\"><strong>info@rsgu.eu<\/strong><\/a><\/p>\n\n\t\t<\/div>\n\t<\/div>\n<\/div><\/div><\/div><div class=\"wpb_column vc_column_container vc_col-sm-6\"><div class=\"vc_column-inner\"><div class=\"wpb_wrapper\">\n\t<div class=\"wpb_text_column wpb_content_element footer_text\" >\n\t\t<div class=\"wpb_wrapper\">\n\t\t\t\n\t\t<\/div>\n\t<\/div>\n<\/div><\/div><\/div><\/div><div class=\"vc_row wpb_row vc_inner vc_row-fluid\"><div class=\"wpb_column vc_column_container vc_col-sm-6\"><div class=\"vc_column-inner\"><div class=\"wpb_wrapper\">\n\t<div class=\"wpb_text_column wpb_content_element copyright\" >\n\t\t<div class=\"wpb_wrapper\">\n\t\t\t<p>\u00a9 2018 rsgu.eu. All rights reserved.<\/p>\n\n\t\t<\/div>\n\t<\/div>\n<\/div><\/div><\/div><div class=\"wpb_column vc_column_container vc_col-sm-6\"><div class=\"vc_column-inner\"><div class=\"wpb_wrapper\">\n\t<div class=\"wpb_text_column wpb_content_element footer_social\" >\n\t\t<div class=\"wpb_wrapper\">\n\t\t\t<p><a href=\"https:\/\/www.facebook.com\/RS.Container.Group\/\" target=\"_blank\" rel=\"noopener\"><img loading=\"lazy\" decoding=\"async\" width=\"31\" height=\"31\" class=\"facebook_head alignnone wp-image-14 size-full\" src=\"http:\/\/rsgu.eu\/wp-content\/uploads\/2018\/08\/fcb.png\" alt=\"\" \/><\/a>\u00a0<a href=\"https:\/\/plus.google.com\/+RSContainerGroupSIAR%C4%ABga\" target=\"_blank\" rel=\"noopener\"><img loading=\"lazy\" decoding=\"async\" width=\"35\" height=\"35\" class=\"alignnone wp-image-1131 size-full\" style=\"margin-top: 3px;\" src=\"http:\/\/rsgu.eu\/wp-content\/uploads\/2018\/10\/media.png\" alt=\"\" \/><\/a><\/p>\n\n\t\t<\/div>\n\t<\/div>\n<\/div><\/div><\/div><\/div><\/div><\/div><\/div><\/div><\/section>\n<\/div>","protected":false},"excerpt":{"rendered":"Elizabetes street 85A-19, Riga, LV-1050 info@rsgu.eu +371 2881 1244 Lietuvos English Estonian Latvian Russian Prad\u017eia Apie mus Konteineriai Paslaugos Kontaktai \u00a0 Adresas Office: Kasty\u010dio str. 12-1, Garg\u017edai, LT-96138, Lithuania Konteineri\u0173 terminalas Riga: Kundzinsalas 2.linija 5, Riga, LV-1005 Phone Phone: +371 67382706 Fax: +371 67381661 Mob.: +371 2881 1244 Email info@rsgu.eu U\u017eklausimo forma Tam, kad gautum\u0117te [...]","protected":false},"author":1,"featured_media":0,"parent":0,"menu_order":0,"comment_status":"closed","ping_status":"closed","template":"","meta":{"footnotes":""},"class_list":["post-1215","page","type-page","status-publish","hentry"],"_links":{"self":[{"href":"https:\/\/rsgu.eu\/lt\/wp-json\/wp\/v2\/pages\/1215","targetHints":{"allow":["GET"]}}],"collection":[{"href":"https:\/\/rsgu.eu\/lt\/wp-json\/wp\/v2\/pages"}],"about":[{"href":"https:\/\/rsgu.eu\/lt\/wp-json\/wp\/v2\/types\/page"}],"author":[{"embeddable":true,"href":"https:\/\/rsgu.eu\/lt\/wp-json\/wp\/v2\/users\/1"}],"replies":[{"embeddable":true,"href":"https:\/\/rsgu.eu\/lt\/wp-json\/wp\/v2\/comments?post=1215"}],"version-history":[{"count":12,"href":"https:\/\/rsgu.eu\/lt\/wp-json\/wp\/v2\/pages\/1215\/revisions"}],"predecessor-version":[{"id":1821,"href":"https:\/\/rsgu.eu\/lt\/wp-json\/wp\/v2\/pages\/1215\/revisions\/1821"}],"wp:attachment":[{"href":"https:\/\/rsgu.eu\/lt\/wp-json\/wp\/v2\/media?parent=1215"}],"curies":[{"name":"wp","href":"https:\/\/api.w.org\/{rel}","templated":true}]}}