{"id":1319,"date":"2018-10-26T13:52:27","date_gmt":"2018-10-26T10:52:27","guid":{"rendered":"http:\/\/rsgu.eu\/containers\/"},"modified":"2018-12-18T18:27:17","modified_gmt":"2018-12-18T15:27:17","slug":"containers","status":"publish","type":"page","link":"https:\/\/rsgu.eu\/lt\/containers\/","title":{"rendered":"Containers"},"content":{"rendered":"<div class=\"wpb-content-wrapper\"><section class=\"vc_section section_top-menu vc_custom_1536161402981 vc_section-has-fill\"><div class=\"vc_row wpb_row vc_row-fluid\"><div class=\"wpb_column vc_column_container vc_col-sm-4\"><div class=\"vc_column-inner\"><div class=\"wpb_wrapper\">\n\t<div class=\"wpb_text_column wpb_content_element vc_custom_1535714307257 loc_head\" >\n\t\t<div class=\"wpb_wrapper\">\n\t\t\t<p>Elizabetes street 85A-19, Riga, LV-1050<\/p>\n\n\t\t<\/div>\n\t<\/div>\n<\/div><\/div><\/div><div class=\"wpb_column vc_column_container vc_col-sm-3\"><div class=\"vc_column-inner\"><div class=\"wpb_wrapper\">\n\t<div class=\"wpb_text_column wpb_content_element vc_custom_1535714314175 mail_head\" >\n\t\t<div class=\"wpb_wrapper\">\n\t\t\t<p><a href=\"mailto:info@rsgu.eu\">info@rsgu.eu<\/a><\/p>\n\n\t\t<\/div>\n\t<\/div>\n<\/div><\/div><\/div><div class=\"wpb_column vc_column_container vc_col-sm-3\"><div class=\"vc_column-inner\"><div class=\"wpb_wrapper\">\n\t<div class=\"wpb_text_column wpb_content_element vc_custom_1535716285138 tel_head\" >\n\t\t<div class=\"wpb_wrapper\">\n\t\t\t<p><a href=\"tel:+371 2881 1244\">+371 2881 1244<\/a><\/p>\n\n\t\t<\/div>\n\t<\/div>\n<\/div><\/div><\/div><div class=\"wpb_column vc_column_container vc_col-sm-2\"><div class=\"vc_column-inner\"><div class=\"wpb_wrapper\"><div  class=\"wpb_widgetised_column wpb_content_element\">\n\t\t<div class=\"wpb_wrapper\">\n\t\t\t\n\t\t\t<section id=\"icl_lang_sel_widget-2\" class=\"widget widget_icl_lang_sel_widget\">\n<div\n\t class=\"wpml-ls-sidebars-sidebar-1 wpml-ls wpml-ls-legacy-dropdown js-wpml-ls-legacy-dropdown\">\n\t<ul>\n\n\t\t<li tabindex=\"0\" class=\"wpml-ls-slot-sidebar-1 wpml-ls-item wpml-ls-item-lt wpml-ls-current-language wpml-ls-item-legacy-dropdown\">\n\t\t\t<a href=\"#\" class=\"js-wpml-ls-item-toggle wpml-ls-item-toggle\"><span class=\"wpml-ls-native\">Lietuvos<\/span><\/a>\n\n\t\t\t<ul class=\"wpml-ls-sub-menu\">\n\t\t\t\t\n\t\t\t\t\t<li class=\"wpml-ls-slot-sidebar-1 wpml-ls-item wpml-ls-item-en wpml-ls-first-item\">\n\t\t\t\t\t\t<a href=\"https:\/\/rsgu.eu\/en\/\"><span class=\"wpml-ls-display\">English<\/span><\/a>\n\t\t\t\t\t<\/li>\n\n\t\t\t\t\n\t\t\t\t\t<li class=\"wpml-ls-slot-sidebar-1 wpml-ls-item wpml-ls-item-et\">\n\t\t\t\t\t\t<a href=\"https:\/\/rsgu.eu\/et\/\"><span class=\"wpml-ls-display\">Estonian<\/span><\/a>\n\t\t\t\t\t<\/li>\n\n\t\t\t\t\n\t\t\t\t\t<li class=\"wpml-ls-slot-sidebar-1 wpml-ls-item wpml-ls-item-lv\">\n\t\t\t\t\t\t<a href=\"https:\/\/rsgu.eu\/lv\/\"><span class=\"wpml-ls-display\">Latvian<\/span><\/a>\n\t\t\t\t\t<\/li>\n\n\t\t\t\t\n\t\t\t\t\t<li class=\"wpml-ls-slot-sidebar-1 wpml-ls-item wpml-ls-item-ru wpml-ls-last-item\">\n\t\t\t\t\t\t<a href=\"https:\/\/rsgu.eu\/ru\/\"><span class=\"wpml-ls-display\">Russian<\/span><\/a>\n\t\t\t\t\t<\/li>\n\n\t\t\t\t\t\t\t<\/ul>\n\n\t\t<\/li>\n\n\t<\/ul>\n<\/div><\/section>\n\t\t<\/div>\n\t<\/div>\n<\/div><\/div><\/div><\/div><div class=\"vc_row wpb_row vc_row-fluid section_header-menu\"><div class=\"wpb_column vc_column_container vc_col-sm-3\"><div class=\"vc_column-inner\"><div class=\"wpb_wrapper\">\n\t<div  class=\"wpb_single_image wpb_content_element vc_align_left wpb_content_element  logo_head\">\n\t\t\n\t\t<figure class=\"wpb_wrapper vc_figure\">\n\t\t\t<a href=\"http:\/\/rsgu.eu\" target=\"_self\" class=\"vc_single_image-wrapper   vc_box_border_grey\"><img loading=\"lazy\" decoding=\"async\" width=\"175\" height=\"40\" src=\"https:\/\/rsgu.eu\/wp-content\/uploads\/2018\/08\/logo_top.png\" class=\"vc_single_image-img attachment-full\" alt=\"J\u016bras konteineri - cena, noma, pieg\u0101de - RSGU\" title=\"J\u016bras konteineri\" \/><\/a>\n\t\t<\/figure>\n\t<\/div>\n<\/div><\/div><\/div><div class=\"collapse navbar-collapse wpb_column vc_column_container vc_col-sm-6\" id=\"collapse navbar-collapse\"><div class=\"vc_column-inner\"><div class=\"wpb_wrapper\"><div id=\"main_Mnu\" class=\"wpb_widgetised_column wpb_content_element\">\n\t\t<div class=\"wpb_wrapper\">\n\t\t\t\n\t\t\t<ul><li id=\"nav_menu-2\" class=\"widget widget_nav_menu\"><div class=\"menu-lt_main_mnu-container\"><ul id=\"menu-lt_main_mnu\" class=\"menu\"><li id=\"menu-item-1620\" class=\"menu-item menu-item-type-post_type menu-item-object-page menu-item-home menu-item-1620\"><a href=\"https:\/\/rsgu.eu\/lt\/\">Prad\u017eia<\/a><\/li>\n<li id=\"menu-item-1628\" class=\"menu-item menu-item-type-custom menu-item-object-custom menu-item-home menu-item-1628\"><a href=\"https:\/\/rsgu.eu\/lt\/#about_us\">Apie mus<\/a><\/li>\n<li id=\"menu-item-1624\" class=\"menu-item menu-item-type-post_type menu-item-object-page menu-item-1624\"><a href=\"https:\/\/rsgu.eu\/lt\/containers\/\">Konteineriai<\/a><\/li>\n<li id=\"menu-item-1627\" class=\"menu-item menu-item-type-custom menu-item-object-custom menu-item-1627\"><a href=\"https:\/\/rsgu.eu\/lt\/containers_spcf\/#services\">Paslaugos<\/a><\/li>\n<li id=\"menu-item-1623\" class=\"menu-item menu-item-type-post_type menu-item-object-page menu-item-1623\"><a href=\"https:\/\/rsgu.eu\/lt\/contacts\/\">Kontaktai<\/a><\/li>\n<\/ul><\/div><\/li><\/ul>\n\t\t<\/div>\n\t<\/div>\n<\/div><\/div><\/div><div class=\"wpb_column vc_column_container vc_col-sm-3\"><div class=\"vc_column-inner\"><div class=\"wpb_wrapper\">\n\t<div class=\"wpb_text_column wpb_content_element social_head\" >\n\t\t<div class=\"wpb_wrapper\">\n\t\t\t<p><a href=\"https:\/\/www.facebook.com\/RS.Container.Group\/\" target=\"_blank\" rel=\"noopener\"><img loading=\"lazy\" decoding=\"async\" width=\"31\" height=\"31\" class=\"facebook_head alignnone wp-image-14 size-full\" src=\"http:\/\/rsgu.eu\/wp-content\/uploads\/2018\/08\/fcb.png\" alt=\"\" \/><\/a>\u00a0<a href=\"https:\/\/plus.google.com\/+RSContainerGroupSIAR%C4%ABga\" target=\"_blank\" rel=\"noopener\"><img loading=\"lazy\" decoding=\"async\" width=\"35\" height=\"35\" class=\"alignnone wp-image-1131 size-full\" style=\"margin-top: 3px;\" src=\"http:\/\/rsgu.eu\/wp-content\/uploads\/2018\/10\/media.png\" alt=\"\" \/><\/a><\/p>\n\n\t\t<\/div>\n\t<\/div>\n<\/div><\/div><\/div><\/div><div class=\"vc_row wpb_row vc_row-fluid section_85\"><div class=\"wpb_column vc_column_container vc_col-sm-12\"><div class=\"vc_column-inner\"><div class=\"wpb_wrapper\"><\/div><\/div><\/div><\/div><\/section><section class=\"vc_section section_services\"><div class=\"vc_row wpb_row vc_row-fluid\"><div class=\"wpb_column vc_column_container vc_col-sm-12\"><div class=\"vc_column-inner\"><div class=\"wpb_wrapper\">\n\t<div class=\"wpb_text_column wpb_content_element\" >\n\t\t<div class=\"wpb_wrapper\">\n\t\t\t<p><strong>RS Container Group<\/strong><code><\/code> kompanija u\u017esiima j\u016brini\u0173 konteineri\u0173 pardavimu ir nuoma daugiau kaip 10 met\u0173. Si\u016blome \u012fvairi\u0173 tip\u0173 j\u016brini\u0173 konteineri\u0173, GenSet \u012frangos pardavim\u0105, ilgalaik\u0119 ir trumpalaik\u0119 nuom\u0105 visame pasaulyje. Kompanija gali pasi\u016blyti j\u016brini\u0173 konteineri\u0173 ir j\u0173 moduli\u0173 saugojim\u0105, pakrovim\u0105, i\u0161krovim\u0105, transportavim\u0105, taip pat montavim\u0105 ir i\u0161montavim\u0105. I\u0161sirinkite, pra\u0161om, \u017eemiau nurodyt\u0105 konteinerio tip\u0105 ir susisiekite su m\u016bs\u0173 kompanija d\u0117l kainos ir konteineri\u0173 pasiekiamumo.<\/p>\n\n\t\t<\/div>\n\t<\/div>\n<\/div><\/div><\/div><\/div><\/section><section id=\"serv_4444\" class=\"vc_section\"><div class=\"vc_row wpb_row vc_row-fluid twocol\"><div class=\"container_column wpb_column vc_column_container vc_col-sm-6\"><div class=\"vc_column-inner\"><div class=\"wpb_wrapper\">\n\t<div class=\"wpb_text_column wpb_content_element\" >\n\t\t<div class=\"wpb_wrapper\">\n\t\t\t<p><img loading=\"lazy\" decoding=\"async\" class=\"alignnone size-full wp-image-340\" src=\"http:\/\/rsgu.eu\/wp-content\/uploads\/2018\/09\/q1-1.png\" alt=\"\" width=\"135\" height=\"135\" \/> <img loading=\"lazy\" decoding=\"async\" class=\"alignnone size-medium wp-image-341\" src=\"http:\/\/rsgu.eu\/wp-content\/uploads\/2018\/09\/q1-2.png\" alt=\"\" width=\"135\" height=\"135\" \/> <img loading=\"lazy\" decoding=\"async\" class=\"alignnone size-medium wp-image-342\" src=\"http:\/\/rsgu.eu\/wp-content\/uploads\/2018\/09\/q1-3.png\" alt=\"\" width=\"135\" height=\"135\" \/><\/p>\n<p><strong>J\u016aRINIAI KONTEINERIAI<\/strong><\/p>\n<p>20\u2019DV\/20\u2019HC\/40\u2019DV\/40\u2019HC\/40\u2019PW\/45\u2019HC\/45\u2019HCPW<\/p>\n\n\t\t<\/div>\n\t<\/div>\n<div class=\"vc_btn3-container vc_btn3-inline vc_do_btn\" id=\"container_button\" ><a class=\"vc_general vc_btn3 vc_btn3-size-md vc_btn3-shape-rounded vc_btn3-style-outline vc_btn3-color-primary\" href=\"http:\/\/rsgu.eu\/lt\/containers_spcf\/?lang=lt&#038;lang=lt#dry_containers\" title=\"\">Skaityti daugiau<\/a><\/div><\/div><\/div><\/div><div class=\"container_column wpb_column vc_column_container vc_col-sm-6\"><div class=\"vc_column-inner\"><div class=\"wpb_wrapper\">\n\t<div class=\"wpb_text_column wpb_content_element\" >\n\t\t<div class=\"wpb_wrapper\">\n\t\t\t<p><strong><img loading=\"lazy\" decoding=\"async\" class=\"alignnone size-full wp-image-356\" src=\"http:\/\/rsgu.eu\/wp-content\/uploads\/2018\/09\/cont-2c1.png\" alt=\"\" width=\"135\" height=\"135\" \/> <img loading=\"lazy\" decoding=\"async\" class=\"alignnone size-medium wp-image-357\" src=\"http:\/\/rsgu.eu\/wp-content\/uploads\/2018\/09\/cont-2c2.png\" alt=\"\" width=\"135\" height=\"135\" \/> <img loading=\"lazy\" decoding=\"async\" class=\"alignnone size-medium wp-image-358\" src=\"http:\/\/rsgu.eu\/wp-content\/uploads\/2018\/09\/cont-2c3.png\" alt=\"\" width=\"135\" height=\"135\" \/><\/strong><\/p>\n<p><strong>REFRI\u017dERATORINIAI KONTEINERIAI\/ GENSETAI<\/strong><\/p>\n<p>20\u2019RF\/20&#8217;RFHC\/40\u2019RF\/40\u2019RFHC\/45\u2019RF\/Carrier\/Thermoking<\/p>\n\n\t\t<\/div>\n\t<\/div>\n<div class=\"vc_btn3-container vc_btn3-inline vc_do_btn\" id=\"container_button\" ><a class=\"vc_general vc_btn3 vc_btn3-size-md vc_btn3-shape-rounded vc_btn3-style-outline vc_btn3-color-primary\" href=\"http:\/\/rsgu.eu\/lt\/containers_spcf\/?lang=lt&#038;lang=lt#refrigirated\" title=\"\">Skaityti daugiau<\/a><\/div><\/div><\/div><\/div><\/div><div class=\"vc_row wpb_row vc_row-fluid twocol vc_custom_1536176063393\"><div class=\"container_column wpb_column vc_column_container vc_col-sm-6\"><div class=\"vc_column-inner\"><div class=\"wpb_wrapper\">\n\t<div class=\"wpb_text_column wpb_content_element\" >\n\t\t<div class=\"wpb_wrapper\">\n\t\t\t<p><img loading=\"lazy\" decoding=\"async\" class=\"alignnone size-full wp-image-361\" src=\"http:\/\/rsgu.eu\/wp-content\/uploads\/2018\/09\/cont-2c11.png\" alt=\"\" width=\"135\" height=\"135\" \/> <img loading=\"lazy\" decoding=\"async\" class=\"alignnone size-medium wp-image-362\" src=\"http:\/\/rsgu.eu\/wp-content\/uploads\/2018\/09\/cont-2c22.png\" alt=\"\" width=\"135\" height=\"135\" \/> <img loading=\"lazy\" decoding=\"async\" class=\"alignnone size-medium wp-image-363\" src=\"http:\/\/rsgu.eu\/wp-content\/uploads\/2018\/09\/cont-2c33.png\" alt=\"\" width=\"135\" height=\"135\" \/><\/p>\n<p><strong>SPECIALIOS PASKIRTIES KONTEINERIAI<\/strong><\/p>\n<p>20\u2019OT\/40\u2019OT\/20\u2019HT\/40\u2019HT\/20\u2019FR\/40\u2019FR\/20\u2019PF\/40\u2019PF<\/p>\n\n\t\t<\/div>\n\t<\/div>\n<div class=\"vc_btn3-container vc_btn3-inline vc_do_btn\" id=\"container_button\" ><a class=\"vc_general vc_btn3 vc_btn3-size-md vc_btn3-shape-rounded vc_btn3-style-outline vc_btn3-color-primary\" href=\"http:\/\/rsgu.eu\/lt\/containers_spcf\/?lang=lt&#038;lang=lt#special\" title=\"\">Skaityti daugiau<\/a><\/div><\/div><\/div><\/div><div class=\"container_column wpb_column vc_column_container vc_col-sm-6\"><div class=\"vc_column-inner\"><div class=\"wpb_wrapper\">\n\t<div class=\"wpb_text_column wpb_content_element\" >\n\t\t<div class=\"wpb_wrapper\">\n\t\t\t<p><strong> <img loading=\"lazy\" decoding=\"async\" class=\"alignnone size-full wp-image-364\" src=\"http:\/\/rsgu.eu\/wp-content\/uploads\/2018\/09\/con-31.png\" alt=\"\" width=\"135\" height=\"135\" \/> <img loading=\"lazy\" decoding=\"async\" class=\"alignnone size-medium wp-image-365\" src=\"http:\/\/rsgu.eu\/wp-content\/uploads\/2018\/09\/con-32.png\" alt=\"\" width=\"135\" height=\"135\" \/> <img loading=\"lazy\" decoding=\"async\" class=\"alignnone size-medium wp-image-366\" src=\"http:\/\/rsgu.eu\/wp-content\/uploads\/2018\/09\/con-33.png\" alt=\"\" width=\"135\" height=\"135\" \/><\/strong><\/p>\n<p><strong>KONTORINIA KONTEINERIAI<\/strong><\/p>\n<p>buitiniai\/su mobiliomis pertvaromis\/sanitariniai konteineriai<\/p>\n\n\t\t<\/div>\n\t<\/div>\n<div class=\"vc_btn3-container vc_btn3-inline vc_do_btn\" id=\"container_button\" ><a class=\"vc_general vc_btn3 vc_btn3-size-md vc_btn3-shape-rounded vc_btn3-style-outline vc_btn3-color-primary\" href=\"http:\/\/rsgu.eu\/lt\/containers_spcf\/?lang=lt&#038;lang=lt#office\" title=\"\">Skaityti daugiau<\/a><\/div><\/div><\/div><\/div><\/div><\/section><section class=\"vc_section section_footer\"><div class=\"vc_row wpb_row vc_row-fluid\"><div class=\"wpb_column vc_column_container vc_col-sm-12\"><div class=\"vc_column-inner\"><div class=\"wpb_wrapper\">\n\t<div class=\"wpb_text_column wpb_content_element footer_title\" >\n\t\t<div class=\"wpb_wrapper\">\n\t\t\t<p>RS CONTAINER GROUP<\/p>\n\n\t\t<\/div>\n\t<\/div>\n<div class=\"vc_row wpb_row vc_inner vc_row-fluid\"><div class=\"wpb_column vc_column_container vc_col-sm-3\"><div class=\"vc_column-inner\"><div class=\"wpb_wrapper\">\n\t<div class=\"wpb_text_column wpb_content_element footer_contacts\" >\n\t\t<div class=\"wpb_wrapper\">\n\t\t\t<p>Phone:<br \/>\n<a href=\"tel:+371 67382706\"><strong style=\"margin-bottom: 15px;\">+371 67382706<\/strong><\/a><br \/>\nFax:<br \/>\n<a href=\"tel:+371 67381661\"><strong>+371 67381661<\/strong><\/a><\/p>\n\n\t\t<\/div>\n\t<\/div>\n<\/div><\/div><\/div><div class=\"wpb_column vc_column_container vc_col-sm-3\"><div class=\"vc_column-inner\"><div class=\"wpb_wrapper\">\n\t<div class=\"wpb_text_column wpb_content_element footer_contacts\" >\n\t\t<div class=\"wpb_wrapper\">\n\t\t\t<p>Mob.:<br \/>\n<a href=\"tel:+371 2881 1244\"><strong style=\"margin-bottom: 15px;\">+371 2881 1244<\/strong><\/a><br \/>\ne-mail:<br \/>\n<a href=\"mailto:info@rsgu.eu\"><strong>info@rsgu.eu<\/strong><\/a><\/p>\n\n\t\t<\/div>\n\t<\/div>\n<\/div><\/div><\/div><div class=\"wpb_column vc_column_container vc_col-sm-6\"><div class=\"vc_column-inner\"><div class=\"wpb_wrapper\">\n\t<div class=\"wpb_text_column wpb_content_element footer_text\" >\n\t\t<div class=\"wpb_wrapper\">\n\t\t\t<p>Tam, kad gautum\u0117te vis\u0105 reikaling\u0105 informacij\u0105 apie konteineri\u0173 kainas ir pristatymo terminus, u\u017epildykite nustatyt\u0105 u\u017eklausos form\u0105. Taip pat vis\u0105 reikaling\u0105 informacij\u0105 apie m\u016bs\u0173 teikiamas paslaugas ir informacij\u0105 apie konteinerius galite gauti elektroniniu pa\u0161tu arba para\u0161\u0119 laisvos formos u\u017eklausim\u0105 nurodytu elektroniniu pa\u0161tu.<\/p>\n\n\t\t<\/div>\n\t<\/div>\n<\/div><\/div><\/div><\/div><div class=\"vc_row wpb_row vc_inner vc_row-fluid\"><div class=\"wpb_column vc_column_container vc_col-sm-6\"><div class=\"vc_column-inner\"><div class=\"wpb_wrapper\">\n\t<div class=\"wpb_text_column wpb_content_element copyright\" >\n\t\t<div class=\"wpb_wrapper\">\n\t\t\t<p>\u00a9 2018 rsgu.eu. All rights reserved.<\/p>\n\n\t\t<\/div>\n\t<\/div>\n<\/div><\/div><\/div><div class=\"wpb_column vc_column_container vc_col-sm-6\"><div class=\"vc_column-inner\"><div class=\"wpb_wrapper\">\n\t<div class=\"wpb_text_column wpb_content_element footer_social\" >\n\t\t<div class=\"wpb_wrapper\">\n\t\t\t<p><a href=\"https:\/\/www.facebook.com\/RS.Container.Group\/\" target=\"_blank\" rel=\"noopener\"><img loading=\"lazy\" decoding=\"async\" width=\"31\" height=\"31\" class=\"facebook_head alignnone wp-image-14 size-full\" src=\"http:\/\/rsgu.eu\/wp-content\/uploads\/2018\/08\/fcb.png\" alt=\"\" \/><\/a>\u00a0<a href=\"https:\/\/plus.google.com\/+RSContainerGroupSIAR%C4%ABga\" target=\"_blank\" rel=\"noopener\"><img loading=\"lazy\" decoding=\"async\" width=\"35\" height=\"35\" class=\"alignnone wp-image-1131 size-full\" style=\"margin-top: 3px;\" src=\"http:\/\/rsgu.eu\/wp-content\/uploads\/2018\/10\/media.png\" alt=\"\" \/><\/a><\/p>\n\n\t\t<\/div>\n\t<\/div>\n<\/div><\/div><\/div><\/div><\/div><\/div><\/div><\/div><\/section>\n<\/div>","protected":false},"excerpt":{"rendered":"Elizabetes street 85A-19, Riga, LV-1050 info@rsgu.eu +371 2881 1244 Lietuvos English Estonian Latvian Russian Prad\u017eia Apie mus Konteineriai Paslaugos Kontaktai \u00a0 RS Container Group kompanija u\u017esiima j\u016brini\u0173 konteineri\u0173 pardavimu ir nuoma daugiau kaip 10 met\u0173. Si\u016blome \u012fvairi\u0173 tip\u0173 j\u016brini\u0173 konteineri\u0173, GenSet \u012frangos pardavim\u0105, ilgalaik\u0119 ir trumpalaik\u0119 nuom\u0105 visame pasaulyje. Kompanija gali pasi\u016blyti j\u016brini\u0173 konteineri\u0173 ir [...]","protected":false},"author":1,"featured_media":0,"parent":0,"menu_order":0,"comment_status":"closed","ping_status":"closed","template":"","meta":{"footnotes":""},"class_list":["post-1319","page","type-page","status-publish","hentry"],"_links":{"self":[{"href":"https:\/\/rsgu.eu\/lt\/wp-json\/wp\/v2\/pages\/1319","targetHints":{"allow":["GET"]}}],"collection":[{"href":"https:\/\/rsgu.eu\/lt\/wp-json\/wp\/v2\/pages"}],"about":[{"href":"https:\/\/rsgu.eu\/lt\/wp-json\/wp\/v2\/types\/page"}],"author":[{"embeddable":true,"href":"https:\/\/rsgu.eu\/lt\/wp-json\/wp\/v2\/users\/1"}],"replies":[{"embeddable":true,"href":"https:\/\/rsgu.eu\/lt\/wp-json\/wp\/v2\/comments?post=1319"}],"version-history":[{"count":24,"href":"https:\/\/rsgu.eu\/lt\/wp-json\/wp\/v2\/pages\/1319\/revisions"}],"predecessor-version":[{"id":1872,"href":"https:\/\/rsgu.eu\/lt\/wp-json\/wp\/v2\/pages\/1319\/revisions\/1872"}],"wp:attachment":[{"href":"https:\/\/rsgu.eu\/lt\/wp-json\/wp\/v2\/media?parent=1319"}],"curies":[{"name":"wp","href":"https:\/\/api.w.org\/{rel}","templated":true}]}}