{"id":1209,"date":"2018-10-26T13:01:26","date_gmt":"2018-10-26T10:01:26","guid":{"rendered":"http:\/\/rsgu.eu\/contacts\/"},"modified":"2020-02-18T17:36:34","modified_gmt":"2020-02-18T14:36:34","slug":"juras-konteineru-noma-un-tirdznieciba-rsgu-kontakti","status":"publish","type":"page","link":"https:\/\/rsgu.eu\/lv\/juras-konteineru-noma-un-tirdznieciba-rsgu-kontakti\/","title":{"rendered":"Contacts"},"content":{"rendered":"<div class=\"wpb-content-wrapper\"><section class=\"vc_section section_top-menu vc_custom_1536161402981 vc_section-has-fill\"><div class=\"vc_row wpb_row vc_row-fluid\"><div class=\"wpb_column vc_column_container vc_col-sm-4\"><div class=\"vc_column-inner\"><div class=\"wpb_wrapper\">\n\t<div class=\"wpb_text_column wpb_content_element vc_custom_1535714307257 loc_head\" >\n\t\t<div class=\"wpb_wrapper\">\n\t\t\t<p>Elizabetes iela 85A-19, R\u012bga, LV-1050<\/p>\n\n\t\t<\/div>\n\t<\/div>\n<\/div><\/div><\/div><div class=\"wpb_column vc_column_container vc_col-sm-3\"><div class=\"vc_column-inner\"><div class=\"wpb_wrapper\">\n\t<div class=\"wpb_text_column wpb_content_element vc_custom_1535714314175 mail_head\" >\n\t\t<div class=\"wpb_wrapper\">\n\t\t\t<p><a href=\"mailto:info@rsgu.eu\">info@rsgu.eu<\/a><\/p>\n\n\t\t<\/div>\n\t<\/div>\n<\/div><\/div><\/div><div class=\"wpb_column vc_column_container vc_col-sm-3\"><div class=\"vc_column-inner\"><div class=\"wpb_wrapper\">\n\t<div class=\"wpb_text_column wpb_content_element vc_custom_1535716285138 tel_head\" >\n\t\t<div class=\"wpb_wrapper\">\n\t\t\t<p><a href=\"tel:+371 2881 1244\">+371 2881 1244<\/a><\/p>\n\n\t\t<\/div>\n\t<\/div>\n<\/div><\/div><\/div><div class=\"wpb_column vc_column_container vc_col-sm-2\"><div class=\"vc_column-inner\"><div class=\"wpb_wrapper\"><div  class=\"wpb_widgetised_column wpb_content_element\">\n\t\t<div class=\"wpb_wrapper\">\n\t\t\t\n\t\t\t<section id=\"icl_lang_sel_widget-2\" class=\"widget widget_icl_lang_sel_widget\">\n<div\n\t class=\"wpml-ls-sidebars-sidebar-1 wpml-ls wpml-ls-legacy-dropdown js-wpml-ls-legacy-dropdown\">\n\t<ul>\n\n\t\t<li tabindex=\"0\" class=\"wpml-ls-slot-sidebar-1 wpml-ls-item wpml-ls-item-lv wpml-ls-current-language wpml-ls-item-legacy-dropdown\">\n\t\t\t<a href=\"#\" class=\"js-wpml-ls-item-toggle wpml-ls-item-toggle\"><span class=\"wpml-ls-native\">Latvie\u0161u<\/span><\/a>\n\n\t\t\t<ul class=\"wpml-ls-sub-menu\">\n\t\t\t\t\n\t\t\t\t\t<li class=\"wpml-ls-slot-sidebar-1 wpml-ls-item wpml-ls-item-en wpml-ls-first-item\">\n\t\t\t\t\t\t<a href=\"https:\/\/rsgu.eu\/en\/\"><span class=\"wpml-ls-display\">English<\/span><\/a>\n\t\t\t\t\t<\/li>\n\n\t\t\t\t\n\t\t\t\t\t<li class=\"wpml-ls-slot-sidebar-1 wpml-ls-item wpml-ls-item-et\">\n\t\t\t\t\t\t<a href=\"https:\/\/rsgu.eu\/et\/\"><span class=\"wpml-ls-display\">Estonian<\/span><\/a>\n\t\t\t\t\t<\/li>\n\n\t\t\t\t\n\t\t\t\t\t<li class=\"wpml-ls-slot-sidebar-1 wpml-ls-item wpml-ls-item-lt\">\n\t\t\t\t\t\t<a href=\"https:\/\/rsgu.eu\/lt\/\"><span class=\"wpml-ls-display\">Lithuanian<\/span><\/a>\n\t\t\t\t\t<\/li>\n\n\t\t\t\t\n\t\t\t\t\t<li class=\"wpml-ls-slot-sidebar-1 wpml-ls-item wpml-ls-item-ru wpml-ls-last-item\">\n\t\t\t\t\t\t<a href=\"https:\/\/rsgu.eu\/ru\/\"><span class=\"wpml-ls-display\">Russian<\/span><\/a>\n\t\t\t\t\t<\/li>\n\n\t\t\t\t\t\t\t<\/ul>\n\n\t\t<\/li>\n\n\t<\/ul>\n<\/div><\/section>\n\t\t<\/div>\n\t<\/div>\n<\/div><\/div><\/div><\/div><div class=\"vc_row wpb_row vc_row-fluid section_header-menu\"><div class=\"wpb_column vc_column_container vc_col-sm-3\"><div class=\"vc_column-inner\"><div class=\"wpb_wrapper\">\n\t<div  class=\"wpb_single_image wpb_content_element vc_align_left wpb_content_element  logo_head\">\n\t\t\n\t\t<figure class=\"wpb_wrapper vc_figure\">\n\t\t\t<a href=\"http:\/\/rsgu.eu\" target=\"_self\" class=\"vc_single_image-wrapper   vc_box_border_grey\"><img loading=\"lazy\" decoding=\"async\" width=\"175\" height=\"40\" src=\"https:\/\/rsgu.eu\/wp-content\/uploads\/2018\/08\/logo_top.png\" class=\"vc_single_image-img attachment-full\" alt=\"J\u016bras konteineri - cena, noma, pieg\u0101de - RSGU\" title=\"J\u016bras konteineri\" \/><\/a>\n\t\t<\/figure>\n\t<\/div>\n<\/div><\/div><\/div><div class=\"collapse navbar-collapse wpb_column vc_column_container vc_col-sm-6\" id=\"collapse navbar-collapse\"><div class=\"vc_column-inner\"><div class=\"wpb_wrapper\"><div id=\"main_Mnu\" class=\"wpb_widgetised_column wpb_content_element\">\n\t\t<div class=\"wpb_wrapper\">\n\t\t\t\n\t\t\t<ul><li id=\"nav_menu-2\" class=\"widget widget_nav_menu\"><div class=\"menu-lv_main_mnu-container\"><ul id=\"menu-lv_main_mnu\" class=\"menu\"><li id=\"menu-item-1611\" class=\"menu-item menu-item-type-post_type menu-item-object-page menu-item-home menu-item-1611\"><a href=\"https:\/\/rsgu.eu\/lv\/\">S\u0101kums<\/a><\/li>\n<li id=\"menu-item-1619\" class=\"menu-item menu-item-type-custom menu-item-object-custom menu-item-home menu-item-1619\"><a href=\"https:\/\/rsgu.eu\/lv\/#about_us\">Par mums<\/a><\/li>\n<li id=\"menu-item-1615\" class=\"menu-item menu-item-type-post_type menu-item-object-page menu-item-1615\"><a href=\"https:\/\/rsgu.eu\/lv\/containers\/\">Konteineri<\/a><\/li>\n<li id=\"menu-item-1618\" class=\"menu-item menu-item-type-custom menu-item-object-custom menu-item-1618\"><a href=\"https:\/\/rsgu.eu\/lv\/containers_spcf\/#services\">Pakalpojumi<\/a><\/li>\n<li id=\"menu-item-1614\" class=\"menu-item menu-item-type-post_type menu-item-object-page menu-item-1614\"><a href=\"https:\/\/rsgu.eu\/lv\/juras-konteineru-noma-un-tirdznieciba-rsgu-kontakti\/\">Kontakti<\/a><\/li>\n<\/ul><\/div><\/li><\/ul>\n\t\t<\/div>\n\t<\/div>\n<\/div><\/div><\/div><div class=\"wpb_column vc_column_container vc_col-sm-3\"><div class=\"vc_column-inner\"><div class=\"wpb_wrapper\">\n\t<div class=\"wpb_text_column wpb_content_element social_head\" >\n\t\t<div class=\"wpb_wrapper\">\n\t\t\t<p><a href=\"https:\/\/www.facebook.com\/RS.Container.Group\/\" target=\"_blank\" rel=\"noopener\"><img loading=\"lazy\" decoding=\"async\" width=\"31\" height=\"31\" class=\"facebook_head alignnone wp-image-14 size-full\" src=\"http:\/\/rsgu.eu\/wp-content\/uploads\/2018\/08\/fcb.png\" alt=\"\" \/><\/a>\u00a0<a href=\"https:\/\/g.page\/RS-Container-Group\/review\" target=\"_blank\" rel=\"noopener\"><img loading=\"lazy\" decoding=\"async\" class=\"alignnone wp-image-2120 size-full\" src=\"https:\/\/rsgu.eu\/wp-content\/uploads\/2019\/10\/GMB-ikona.png\" alt=\"\" width=\"31\" height=\"31\" \/><\/a><\/p>\n\n\t\t<\/div>\n\t<\/div>\n<\/div><\/div><\/div><\/div><div class=\"vc_row wpb_row vc_row-fluid section_85\"><div class=\"wpb_column vc_column_container vc_col-sm-12\"><div class=\"vc_column-inner\"><div class=\"wpb_wrapper\"><\/div><\/div><\/div><\/div><\/section><section class=\"vc_section\"><div class=\"vc_row wpb_row vc_row-fluid vc_custom_1537959846711\"><div class=\"wpb_column vc_column_container vc_col-sm-4\"><div class=\"vc_column-inner\"><div class=\"wpb_wrapper\"><div class=\"vc_icon_element vc_icon_element-outer vc_do_icon vc_icon_element-align-center\"><div class=\"vc_icon_element-inner vc_icon_element-color-custom vc_icon_element-size-xl vc_icon_element-style- vc_icon_element-background-color-grey\" ><span class=\"vc_icon_element-icon fa fa-map-marker\" style=\"color:#1c4b69 !important\"><\/span><\/div><\/div>\n\t<div class=\"wpb_text_column wpb_content_element contacts_text\" >\n\t\t<div class=\"wpb_wrapper\">\n\t\t\t<h4>Adrese<\/h4>\n<p>Birojs: Elizabetes iela 85A-19, R\u012bga, LV-1050<\/p>\n<p>Konteineru termin\u0101ls: Kundzi\u0146salas 2.l\u012bnija 5, R\u012bga, LV-1005<\/p>\n\n\t\t<\/div>\n\t<\/div>\n<\/div><\/div><\/div><div class=\"contacts_center wpb_column vc_column_container vc_col-sm-4\"><div class=\"vc_column-inner\"><div class=\"wpb_wrapper\"><div class=\"vc_icon_element vc_icon_element-outer vc_do_icon vc_icon_element-align-center\"><div class=\"vc_icon_element-inner vc_icon_element-color-custom vc_icon_element-size-xl vc_icon_element-style- vc_icon_element-background-color-grey\" ><span class=\"vc_icon_element-icon fa fa-phone\" style=\"color:#1c4b69 !important\"><\/span><\/div><\/div>\n\t<div class=\"wpb_text_column wpb_content_element contacts_text\" >\n\t\t<div class=\"wpb_wrapper\">\n\t\t\t<h4>Phone<\/h4>\n<p>Phone: +371 67382706<br \/>\nFax: +371 67381661<br \/>\nMob.: +371 2881 1244<\/p>\n\n\t\t<\/div>\n\t<\/div>\n<\/div><\/div><\/div><div class=\"wpb_column vc_column_container vc_col-sm-4\"><div class=\"vc_column-inner\"><div class=\"wpb_wrapper\"><div class=\"vc_icon_element vc_icon_element-outer vc_do_icon vc_icon_element-align-center\"><div class=\"vc_icon_element-inner vc_icon_element-color-custom vc_icon_element-size-xl vc_icon_element-style- vc_icon_element-background-color-grey\" ><span class=\"vc_icon_element-icon fa fa-envelope\" style=\"color:#1c4b69 !important\"><\/span><\/div><\/div>\n\t<div class=\"wpb_text_column wpb_content_element contacts_text\" >\n\t\t<div class=\"wpb_wrapper\">\n\t\t\t<h4>E-pasts<\/h4>\n<p>info@rsgu.eu<\/p>\n\n\t\t<\/div>\n\t<\/div>\n<\/div><\/div><\/div><\/div><div class=\"vc_row wpb_row vc_row-fluid vc_custom_1536177649908\"><div class=\"wpb_column vc_column_container vc_col-sm-12\"><div class=\"vc_column-inner\"><div class=\"wpb_wrapper\"><div class=\"wpb_gmaps_widget wpb_content_element vc_custom_1572446193860\"><div class=\"wpb_wrapper\"><div class=\"wpb_map_wraper\"><iframe loading=\"lazy\" src=\"https:\/\/www.google.com\/maps\/embed?pb=!1m18!1m12!1m3!1d2175.9288958238894!2d24.12003841597739!3d56.95001948089044!2m3!1f0!2f0!3f0!3m2!1i1024!2i768!4f13.1!3m3!1m2!1s0x46eecfd2defaae01%3A0xc72ad985b7dcb867!2sRS%20Container%20Group%20%2C%20SIA!5e0!3m2!1sen!2slv!4v1572446119580!5m2!1sen!2slv\" width=\"1200\" height=\"450\" frameborder=\"0\" style=\"border:0;\" allowfullscreen=\"\"><\/iframe><\/div><\/div><\/div><\/div><\/div><\/div><\/div><\/section><section class=\"vc_section cont_reqfrm_title vc_custom_1539252627754 vc_section-has-fill\"><div id=\"reqFrm-cont\" class=\"vc_row wpb_row vc_row-fluid\"><div class=\"wpb_column vc_column_container vc_col-sm-4\"><div class=\"vc_column-inner\"><div class=\"wpb_wrapper\">\n\t<div class=\"wpb_text_column wpb_content_element rqfrm_title\" >\n\t\t<div class=\"wpb_wrapper\">\n\t\t\t<p>Piepras\u012bjuma forma<\/p>\n\n\t\t<\/div>\n\t<\/div>\n<\/div><\/div><\/div><div class=\"wpb_column vc_column_container vc_col-sm-8\"><div class=\"vc_column-inner\"><div class=\"wpb_wrapper\">\n\t<div class=\"wpb_text_column wpb_content_element rqfrm_desc\" >\n\t\t<div class=\"wpb_wrapper\">\n\t\t\t<p>Lai piepras\u012btu inform\u0101ciju par konteineru pieg\u0101des cen\u0101m un termi\u0146iem, aizpildiet atbilsto\u0161o pas\u016bt\u012bjuma formu. Papildus inform\u0101ciju par m\u016bsu pakalpojumiem un konteineriem J\u016bs ar\u012b varat piepras\u012bt, uzrakstot v\u0113stuli br\u012bv\u0101 form\u0101 uz nor\u0101d\u012bto e-pastu.<\/p>\n<p><a href=\"https:\/\/rsgu.eu\/wp-content\/uploads\/2019\/04\/Klientu-priv\u0101tuma-aizsardz\u012bbas-politika.pdf\" target=\"_blank\" rel=\"noopener\">Klientu priv\u0101tuma aizsardz\u012bbas politika<\/a><\/p>\n\n\t\t<\/div>\n\t<\/div>\n<\/div><\/div><\/div><\/div><div class=\"vc_row wpb_row vc_row-fluid\"><div class=\"wpb_column vc_column_container vc_col-sm-4\"><div class=\"vc_column-inner\"><div class=\"wpb_wrapper\"><\/div><\/div><\/div><div class=\"wpb_column vc_column_container vc_col-sm-8\"><div class=\"vc_column-inner\"><div class=\"wpb_wrapper\"><div role=\"form\" class=\"wpcf7\" id=\"wpcf7-f1219-o1\" lang=\"ru-RU\" dir=\"ltr\">\n<div class=\"screen-reader-response\"><\/div>\n<form action=\"\/lv\/wp-json\/wp\/v2\/pages\/1209#wpcf7-f1219-o1\" method=\"post\" class=\"wpcf7-form\" novalidate=\"novalidate\">\n<div style=\"display: none;\">\n<input type=\"hidden\" name=\"_wpcf7\" value=\"1219\" \/>\n<input type=\"hidden\" name=\"_wpcf7_version\" value=\"5.0.3\" \/>\n<input type=\"hidden\" name=\"_wpcf7_locale\" value=\"ru_RU\" \/>\n<input type=\"hidden\" name=\"_wpcf7_unit_tag\" value=\"wpcf7-f1219-o1\" \/>\n<input type=\"hidden\" name=\"_wpcf7_container_post\" value=\"0\" \/>\n<\/div>\n<div class=\"form-containerrq\">\n<div class=\"leftrq\">\n<p>Nosaukums:<br \/>\n<span class=\"wpcf7-form-control-wrap form-namerq\"><input type=\"text\" name=\"form-namerq\" value=\"\" size=\"40\" class=\"wpcf7-form-control wpcf7-text wpcf7-validates-as-required\" id=\"form-namerq\" aria-required=\"true\" aria-invalid=\"false\" \/><\/span><\/p>\n<p>Pakalpojumi:<br \/>\n<span class=\"wpcf7-form-control-wrap form-servicesrq\"><select name=\"form-servicesrq\" class=\"wpcf7-form-control wpcf7-select\" id=\"form-servicesrq\" aria-invalid=\"false\"><option value=\"Nopirkt konteineri\">Nopirkt konteineri<\/option><option value=\"\u012br\u0113t konteineri\">\u012br\u0113t konteineri<\/option><option value=\"P\u0101rdot konteineri\">P\u0101rdot konteineri<\/option><option value=\"Transports\">Transports<\/option><option value=\"Cits\">Cits<\/option><\/select><\/span><\/p>\n<\/div>\n<div class=\"rightrq\">\n<p>\u0415-pasts:<br \/>\n<span class=\"wpcf7-form-control-wrap form-mailrq\"><input type=\"email\" name=\"form-mailrq\" value=\"\" size=\"40\" class=\"wpcf7-form-control wpcf7-text wpcf7-email wpcf7-validates-as-required wpcf7-validates-as-email\" id=\"form-mailrq\" aria-required=\"true\" aria-invalid=\"false\" \/><\/span><\/p>\n<p>Atra\u0161an\u0101s vieta:<br \/>\n<span class=\"wpcf7-form-control-wrap form-loc\"><input type=\"text\" name=\"form-loc\" value=\"\" size=\"40\" class=\"wpcf7-form-control wpcf7-text\" id=\"form-locrq\" aria-invalid=\"false\" \/><\/span><\/p>\n<\/div>\n<p>\n<span class=\"wpcf7-form-control-wrap form-messagerq\"><textarea name=\"form-messagerq\" cols=\"40\" rows=\"10\" class=\"wpcf7-form-control wpcf7-textarea\" id=\"form-messagerq\" aria-invalid=\"false\" placeholder=\"Zi\u0146a:\"><\/textarea><\/span><\/p>\n<p class=\"form-button2\"><input type=\"submit\" value=\"Ieg\u016bt cenu\" class=\"wpcf7-form-control wpcf7-submit\" id=\"form-button\" \/><\/p>\n<\/div>\n<div class=\"wpcf7-response-output wpcf7-display-none\"><\/div><\/form><\/div><\/div><\/div><\/div><\/div><\/section><section class=\"vc_section section_footer\"><div class=\"vc_row wpb_row vc_row-fluid\"><div class=\"wpb_column vc_column_container vc_col-sm-12\"><div class=\"vc_column-inner\"><div class=\"wpb_wrapper\">\n\t<div class=\"wpb_text_column wpb_content_element footer_title\" >\n\t\t<div class=\"wpb_wrapper\">\n\t\t\t<p>RS CONTAINER GROUP<\/p>\n\n\t\t<\/div>\n\t<\/div>\n<div class=\"vc_row wpb_row vc_inner vc_row-fluid\"><div class=\"wpb_column vc_column_container vc_col-sm-3\"><div class=\"vc_column-inner\"><div class=\"wpb_wrapper\">\n\t<div class=\"wpb_text_column wpb_content_element footer_contacts\" >\n\t\t<div class=\"wpb_wrapper\">\n\t\t\t<p>Phone:<br \/>\n<a href=\"tel:+371 67382706\"><strong style=\"margin-bottom: 15px;\">+371 67382706<\/strong><\/a><br \/>\nFax:<br \/>\n<a href=\"tel:+371 67381661\"><strong>+371 67381661<\/strong><\/a><\/p>\n\n\t\t<\/div>\n\t<\/div>\n<\/div><\/div><\/div><div class=\"wpb_column vc_column_container vc_col-sm-3\"><div class=\"vc_column-inner\"><div class=\"wpb_wrapper\">\n\t<div class=\"wpb_text_column wpb_content_element footer_contacts\" >\n\t\t<div class=\"wpb_wrapper\">\n\t\t\t<p>Mob.:<br \/>\n<a href=\"tel:+371 2881 1244\"><strong style=\"margin-bottom: 15px;\">+371 2881 1244<\/strong><\/a><br \/>\ne-mail:<br \/>\n<a href=\"mailto:info@rsgu.eu\"><strong>info@rsgu.eu<\/strong><\/a><\/p>\n\n\t\t<\/div>\n\t<\/div>\n<\/div><\/div><\/div><div class=\"wpb_column vc_column_container vc_col-sm-6\"><div class=\"vc_column-inner\"><div class=\"wpb_wrapper\">\n\t<div class=\"wpb_text_column wpb_content_element footer_text\" >\n\t\t<div class=\"wpb_wrapper\">\n\t\t\t\n\t\t<\/div>\n\t<\/div>\n<\/div><\/div><\/div><\/div><div class=\"vc_row wpb_row vc_inner vc_row-fluid\"><div class=\"wpb_column vc_column_container vc_col-sm-6\"><div class=\"vc_column-inner\"><div class=\"wpb_wrapper\">\n\t<div class=\"wpb_text_column wpb_content_element copyright\" >\n\t\t<div class=\"wpb_wrapper\">\n\t\t\t<p>\u00a9 2020 rsgu.eu. All rights reserved.<\/p>\n\n\t\t<\/div>\n\t<\/div>\n<\/div><\/div><\/div><div class=\"wpb_column vc_column_container vc_col-sm-6\"><div class=\"vc_column-inner\"><div class=\"wpb_wrapper\">\n\t<div class=\"wpb_text_column wpb_content_element footer_social\" >\n\t\t<div class=\"wpb_wrapper\">\n\t\t\t<p><a href=\"https:\/\/www.facebook.com\/RS.Container.Group\/\" target=\"_blank\" rel=\"noopener\"><img loading=\"lazy\" decoding=\"async\" width=\"31\" height=\"31\" class=\"facebook_head alignnone wp-image-14 size-full\" src=\"http:\/\/rsgu.eu\/wp-content\/uploads\/2018\/08\/fcb.png\" alt=\"\" \/><\/a>\u00a0<a href=\"https:\/\/g.page\/RS-Container-Group\/review\" target=\"_blank\" rel=\"noopener\"><img loading=\"lazy\" decoding=\"async\" class=\"alignnone wp-image-2120 size-full\" src=\"https:\/\/rsgu.eu\/wp-content\/uploads\/2019\/10\/GMB-ikona.png\" alt=\"\" width=\"31\" height=\"31\" \/><\/a><\/p>\n\n\t\t<\/div>\n\t<\/div>\n<\/div><\/div><\/div><\/div><\/div><\/div><\/div><\/div><\/section>\n<\/div>","protected":false},"excerpt":{"rendered":"Elizabetes iela 85A-19, R\u012bga, LV-1050 info@rsgu.eu +371 2881 1244 Latvie\u0161u English Estonian Lithuanian Russian S\u0101kums Par mums Konteineri Pakalpojumi Kontakti \u00a0 Adrese Birojs: Elizabetes iela 85A-19, R\u012bga, LV-1050 Konteineru termin\u0101ls: Kundzi\u0146salas 2.l\u012bnija 5, R\u012bga, LV-1005 Phone Phone: +371 67382706 Fax: +371 67381661 Mob.: +371 2881 1244 E-pasts info@rsgu.eu Piepras\u012bjuma forma Lai piepras\u012btu inform\u0101ciju par konteineru [...]","protected":false},"author":1,"featured_media":0,"parent":0,"menu_order":0,"comment_status":"closed","ping_status":"closed","template":"","meta":{"footnotes":""},"class_list":["post-1209","page","type-page","status-publish","hentry"],"_links":{"self":[{"href":"https:\/\/rsgu.eu\/lv\/wp-json\/wp\/v2\/pages\/1209","targetHints":{"allow":["GET"]}}],"collection":[{"href":"https:\/\/rsgu.eu\/lv\/wp-json\/wp\/v2\/pages"}],"about":[{"href":"https:\/\/rsgu.eu\/lv\/wp-json\/wp\/v2\/types\/page"}],"author":[{"embeddable":true,"href":"https:\/\/rsgu.eu\/lv\/wp-json\/wp\/v2\/users\/1"}],"replies":[{"embeddable":true,"href":"https:\/\/rsgu.eu\/lv\/wp-json\/wp\/v2\/comments?post=1209"}],"version-history":[{"count":31,"href":"https:\/\/rsgu.eu\/lv\/wp-json\/wp\/v2\/pages\/1209\/revisions"}],"predecessor-version":[{"id":2144,"href":"https:\/\/rsgu.eu\/lv\/wp-json\/wp\/v2\/pages\/1209\/revisions\/2144"}],"wp:attachment":[{"href":"https:\/\/rsgu.eu\/lv\/wp-json\/wp\/v2\/media?parent=1209"}],"curies":[{"name":"wp","href":"https:\/\/api.w.org\/{rel}","templated":true}]}}