{"id":1309,"date":"2018-10-26T13:51:43","date_gmt":"2018-10-26T10:51:43","guid":{"rendered":"http:\/\/rsgu.eu\/containers\/"},"modified":"2020-03-16T17:01:09","modified_gmt":"2020-03-16T14:01:09","slug":"containers","status":"publish","type":"page","link":"https:\/\/rsgu.eu\/lv\/containers\/","title":{"rendered":"Konteineri"},"content":{"rendered":"<div class=\"wpb-content-wrapper\"><section class=\"vc_section section_top-menu vc_custom_1536161402981 vc_section-has-fill\"><div class=\"vc_row wpb_row vc_row-fluid\"><div class=\"wpb_column vc_column_container vc_col-sm-4\"><div class=\"vc_column-inner\"><div class=\"wpb_wrapper\">\n\t<div class=\"wpb_text_column wpb_content_element vc_custom_1535714307257 loc_head\" >\n\t\t<div class=\"wpb_wrapper\">\n\t\t\t<p>Elizabetes iela 85A-19, R\u012bga, LV-1050<\/p>\n\n\t\t<\/div>\n\t<\/div>\n<\/div><\/div><\/div><div class=\"wpb_column vc_column_container vc_col-sm-3\"><div class=\"vc_column-inner\"><div class=\"wpb_wrapper\">\n\t<div class=\"wpb_text_column wpb_content_element vc_custom_1535714314175 mail_head\" >\n\t\t<div class=\"wpb_wrapper\">\n\t\t\t<p><a href=\"mailto:info@rsgu.eu\">info@rsgu.eu<\/a><\/p>\n\n\t\t<\/div>\n\t<\/div>\n<\/div><\/div><\/div><div class=\"wpb_column vc_column_container vc_col-sm-3\"><div class=\"vc_column-inner\"><div class=\"wpb_wrapper\">\n\t<div class=\"wpb_text_column wpb_content_element vc_custom_1535716285138 tel_head\" >\n\t\t<div class=\"wpb_wrapper\">\n\t\t\t<p><a href=\"tel:+371 2881 1244\">+371 2881 1244<\/a><\/p>\n\n\t\t<\/div>\n\t<\/div>\n<\/div><\/div><\/div><div class=\"wpb_column vc_column_container vc_col-sm-2\"><div class=\"vc_column-inner\"><div class=\"wpb_wrapper\"><div  class=\"wpb_widgetised_column wpb_content_element\">\n\t\t<div class=\"wpb_wrapper\">\n\t\t\t\n\t\t\t<section id=\"icl_lang_sel_widget-2\" class=\"widget widget_icl_lang_sel_widget\">\n<div\n\t class=\"wpml-ls-sidebars-sidebar-1 wpml-ls wpml-ls-legacy-dropdown js-wpml-ls-legacy-dropdown\">\n\t<ul>\n\n\t\t<li tabindex=\"0\" class=\"wpml-ls-slot-sidebar-1 wpml-ls-item wpml-ls-item-lv wpml-ls-current-language wpml-ls-item-legacy-dropdown\">\n\t\t\t<a href=\"#\" class=\"js-wpml-ls-item-toggle wpml-ls-item-toggle\"><span class=\"wpml-ls-native\">Latvie\u0161u<\/span><\/a>\n\n\t\t\t<ul class=\"wpml-ls-sub-menu\">\n\t\t\t\t\n\t\t\t\t\t<li class=\"wpml-ls-slot-sidebar-1 wpml-ls-item wpml-ls-item-en wpml-ls-first-item\">\n\t\t\t\t\t\t<a href=\"https:\/\/rsgu.eu\/en\/\"><span class=\"wpml-ls-display\">English<\/span><\/a>\n\t\t\t\t\t<\/li>\n\n\t\t\t\t\n\t\t\t\t\t<li class=\"wpml-ls-slot-sidebar-1 wpml-ls-item wpml-ls-item-et\">\n\t\t\t\t\t\t<a href=\"https:\/\/rsgu.eu\/et\/\"><span class=\"wpml-ls-display\">Estonian<\/span><\/a>\n\t\t\t\t\t<\/li>\n\n\t\t\t\t\n\t\t\t\t\t<li class=\"wpml-ls-slot-sidebar-1 wpml-ls-item wpml-ls-item-lt\">\n\t\t\t\t\t\t<a href=\"https:\/\/rsgu.eu\/lt\/\"><span class=\"wpml-ls-display\">Lithuanian<\/span><\/a>\n\t\t\t\t\t<\/li>\n\n\t\t\t\t\n\t\t\t\t\t<li class=\"wpml-ls-slot-sidebar-1 wpml-ls-item wpml-ls-item-ru wpml-ls-last-item\">\n\t\t\t\t\t\t<a href=\"https:\/\/rsgu.eu\/ru\/\"><span class=\"wpml-ls-display\">Russian<\/span><\/a>\n\t\t\t\t\t<\/li>\n\n\t\t\t\t\t\t\t<\/ul>\n\n\t\t<\/li>\n\n\t<\/ul>\n<\/div><\/section>\n\t\t<\/div>\n\t<\/div>\n<\/div><\/div><\/div><\/div><div class=\"vc_row wpb_row vc_row-fluid section_header-menu\"><div class=\"wpb_column vc_column_container vc_col-sm-3\"><div class=\"vc_column-inner\"><div class=\"wpb_wrapper\">\n\t<div  class=\"wpb_single_image wpb_content_element vc_align_left wpb_content_element  logo_head\">\n\t\t\n\t\t<figure class=\"wpb_wrapper vc_figure\">\n\t\t\t<a href=\"http:\/\/rsgu.eu\" target=\"_self\" class=\"vc_single_image-wrapper   vc_box_border_grey\"><img loading=\"lazy\" decoding=\"async\" width=\"175\" height=\"40\" src=\"https:\/\/rsgu.eu\/wp-content\/uploads\/2018\/08\/logo_top.png\" class=\"vc_single_image-img attachment-full\" alt=\"J\u016bras konteineri - cena, noma, pieg\u0101de - RSGU\" title=\"J\u016bras konteineri\" \/><\/a>\n\t\t<\/figure>\n\t<\/div>\n<\/div><\/div><\/div><div class=\"collapse navbar-collapse wpb_column vc_column_container vc_col-sm-6\" id=\"collapse navbar-collapse\"><div class=\"vc_column-inner\"><div class=\"wpb_wrapper\"><div id=\"main_Mnu\" class=\"wpb_widgetised_column wpb_content_element\">\n\t\t<div class=\"wpb_wrapper\">\n\t\t\t\n\t\t\t<ul><li id=\"nav_menu-2\" class=\"widget widget_nav_menu\"><div class=\"menu-lv_main_mnu-container\"><ul id=\"menu-lv_main_mnu\" class=\"menu\"><li id=\"menu-item-1611\" class=\"menu-item menu-item-type-post_type menu-item-object-page menu-item-home menu-item-1611\"><a href=\"https:\/\/rsgu.eu\/lv\/\">S\u0101kums<\/a><\/li>\n<li id=\"menu-item-1619\" class=\"menu-item menu-item-type-custom menu-item-object-custom menu-item-home menu-item-1619\"><a href=\"https:\/\/rsgu.eu\/lv\/#about_us\">Par mums<\/a><\/li>\n<li id=\"menu-item-1615\" class=\"menu-item menu-item-type-post_type menu-item-object-page menu-item-1615\"><a href=\"https:\/\/rsgu.eu\/lv\/containers\/\">Konteineri<\/a><\/li>\n<li id=\"menu-item-1618\" class=\"menu-item menu-item-type-custom menu-item-object-custom menu-item-1618\"><a href=\"https:\/\/rsgu.eu\/lv\/containers_spcf\/#services\">Pakalpojumi<\/a><\/li>\n<li id=\"menu-item-1614\" class=\"menu-item menu-item-type-post_type menu-item-object-page menu-item-1614\"><a href=\"https:\/\/rsgu.eu\/lv\/juras-konteineru-noma-un-tirdznieciba-rsgu-kontakti\/\">Kontakti<\/a><\/li>\n<\/ul><\/div><\/li><\/ul>\n\t\t<\/div>\n\t<\/div>\n<\/div><\/div><\/div><div class=\"wpb_column vc_column_container vc_col-sm-3\"><div class=\"vc_column-inner\"><div class=\"wpb_wrapper\">\n\t<div class=\"wpb_text_column wpb_content_element social_head\" >\n\t\t<div class=\"wpb_wrapper\">\n\t\t\t<p><a href=\"https:\/\/www.facebook.com\/RS.Container.Group\/\" target=\"_blank\" rel=\"noopener\"><img loading=\"lazy\" decoding=\"async\" width=\"31\" height=\"31\" class=\"facebook_head alignnone wp-image-14 size-full\" src=\"http:\/\/rsgu.eu\/wp-content\/uploads\/2018\/08\/fcb.png\" alt=\"\" \/><\/a>\u00a0<a href=\"https:\/\/g.page\/RS-Container-Group\/review\" target=\"_blank\" rel=\"noopener\"><img loading=\"lazy\" decoding=\"async\" class=\"alignnone wp-image-2120 size-full\" title=\"https:\/\/g.page\/RS-Container-Group\/review\" src=\"https:\/\/rsgu.eu\/wp-content\/uploads\/2019\/10\/GMB-ikona.png\" alt=\"\" width=\"31\" height=\"31\" \/><\/a><\/p>\n\n\t\t<\/div>\n\t<\/div>\n<\/div><\/div><\/div><\/div><div class=\"vc_row wpb_row vc_row-fluid section_85\"><div class=\"wpb_column vc_column_container vc_col-sm-12\"><div class=\"vc_column-inner\"><div class=\"wpb_wrapper\"><\/div><\/div><\/div><\/div><\/section><section class=\"vc_section section_services\"><div class=\"vc_row wpb_row vc_row-fluid\"><div class=\"wpb_column vc_column_container vc_col-sm-12\"><div class=\"vc_column-inner\"><div class=\"wpb_wrapper\">\n\t<div class=\"wpb_text_column wpb_content_element\" >\n\t\t<div class=\"wpb_wrapper\">\n\t\t\t<h2 style=\"text-align: left;\"><span style=\"color: #000000;\">Iesp\u0113jas j\u016bsu biznesa un priv\u0101tajiem m\u0113r\u0137iem<\/span><\/h2>\n<p style=\"text-align: left;\"><span style=\"color: #000000;\">Komp\u0101nija <strong>\u201eRS Container Group\u201d<\/strong> nodarbojas ar j\u016bras konteineru tirdzniec\u012bbu un nomu jau vair\u0101k nek\u0101 10 gadus. Uz\u0146\u0113mumam ir konteineru noliktavas vair\u0101k\u0101s pasaules valst\u012bs. Pied\u0101v\u0101jum\u0101 \u2013 gan ieg\u0101dei, gan ilgtermi\u0146a vai \u012bstermi\u0146a nomai \u2013 ir da\u017e\u0101da tipa produkti:<\/span><\/p>\n<ul style=\"text-align: left;\">\n<li><span style=\"color: #000000;\">j\u016bras jeb sauso kravu konteineri transport\u0113\u0161anai un lo\u0123istikai,<\/span><\/li>\n<li><span style=\"color: #000000;\">refkonteineri jeb konteinersald\u0113tavas kravu transport\u0113\u0161anai noteikt\u0101 temperat\u016br\u0101,<\/span><\/li>\n<li><span style=\"color: #000000;\">d\u017eenseti jeb elektr\u012bbas d\u012bze\u013c\u0123eneratori refkonteineriem un tankkonteineriem,<\/span><\/li>\n<li><span style=\"color: #000000;\">speci\u0101lie konteineri nestandarta krav\u0101m,<\/span><\/li>\n<li><span style=\"color: #000000;\">tankkonteineri jeb cisternas \u0137\u012bmisku vielu un \u0161\u0137idro kravu p\u0101rvad\u0101\u0161anai,<\/span><\/li>\n<li><span style=\"color: #000000;\">of\u0161ora konteineri j\u016bras p\u0101rvad\u0101jumiem,<\/span><\/li>\n<li><span style=\"color: #000000;\">univers\u0101las modu\u013cu konstrukcijas pagaidu m\u0101jvietai, noliktavai vai biznesam.<\/span><\/li>\n<\/ul>\n<p style=\"text-align: left;\"><span style=\"color: #000000;\">Maksim\u0101li \u0113rtai sadarb\u012bbas pieredzei SIA \u201eRS Container Group\u201d nodro\u0161ina ar\u012b modu\u013cu konstrukciju transport\u0113\u0161anu no un l\u012bdz klientam nepiecie\u0161amajai vietai, to iekrau\u0161anu un izkrau\u0161anu, k\u0101 ar\u012b dro\u0161u uzglab\u0101\u0161anu, mont\u0101\u017eu un demont\u0101\u017eu.<\/span><\/p>\n<p style=\"text-align: left;\"><span style=\"color: #000000;\">L\u016bdzu, izv\u0113lieties k\u0101du no zem\u0101k nor\u0101d\u012btajiem konteineru veidiem un sazinieties ar mums, lai p\u0101rbaud\u012btu pieejam\u012bbu un sa\u0146emtu cenas pied\u0101v\u0101jumu!<\/span><\/p>\n\n\t\t<\/div>\n\t<\/div>\n<\/div><\/div><\/div><\/div><\/section><section id=\"serv_4444\" class=\"vc_section\"><div class=\"vc_row wpb_row vc_row-fluid twocol\"><div class=\"container_column wpb_column vc_column_container vc_col-sm-6\"><div class=\"vc_column-inner\"><div class=\"wpb_wrapper\">\n\t<div class=\"wpb_text_column wpb_content_element\" >\n\t\t<div class=\"wpb_wrapper\">\n\t\t\t<p><img loading=\"lazy\" decoding=\"async\" class=\"alignnone size-full wp-image-340\" src=\"http:\/\/rsgu.eu\/wp-content\/uploads\/2018\/09\/q1-1.png\" alt=\"J\u016bras konteineri - RSGU\" width=\"135\" height=\"135\" \/> <img loading=\"lazy\" decoding=\"async\" class=\"alignnone size-medium wp-image-341\" src=\"http:\/\/rsgu.eu\/wp-content\/uploads\/2018\/09\/q1-2.png\" alt=\"J\u016bras konteineri cenas - RSGU\" width=\"135\" height=\"135\" \/> <img loading=\"lazy\" decoding=\"async\" class=\"alignnone size-medium wp-image-342\" src=\"http:\/\/rsgu.eu\/wp-content\/uploads\/2018\/09\/q1-3.png\" alt=\"J\u016bras konteineri noma - RSGU\" width=\"135\" height=\"135\" \/><\/p>\n<h2><strong>J\u016aRAS KONTEINERI<\/strong><\/h2>\n<p>20\u2019DV\/20\u2019HC\/40\u2019DV\/40\u2019HC\/40\u2019PW\/45\u2019HC\/45\u2019HCPW<\/p>\n\n\t\t<\/div>\n\t<\/div>\n<div class=\"vc_btn3-container vc_btn3-inline vc_do_btn\" id=\"container_button\" ><a class=\"vc_general vc_btn3 vc_btn3-size-md vc_btn3-shape-rounded vc_btn3-style-outline vc_btn3-color-primary\" href=\"http:\/\/rsgu.eu\/lv\/containers_spcf\/?lang=lv&#038;lang=lv#dry_containers\" title=\"\">Las\u012bt vair\u0101k<\/a><\/div><\/div><\/div><\/div><div class=\"container_column wpb_column vc_column_container vc_col-sm-6\"><div class=\"vc_column-inner\"><div class=\"wpb_wrapper\">\n\t<div class=\"wpb_text_column wpb_content_element\" >\n\t\t<div class=\"wpb_wrapper\">\n\t\t\t<p><strong><img loading=\"lazy\" decoding=\"async\" class=\"alignnone size-full wp-image-356\" src=\"http:\/\/rsgu.eu\/wp-content\/uploads\/2018\/09\/cont-2c1.png\" alt=\"J\u016bras konteineri refri\u017eeratori - RSGU\" width=\"135\" height=\"135\" \/> <img loading=\"lazy\" decoding=\"async\" class=\"alignnone size-medium wp-image-357\" src=\"http:\/\/rsgu.eu\/wp-content\/uploads\/2018\/09\/cont-2c2.png\" alt=\"J\u016bras konteineri temperat\u016bras regul\u0113\u0161ana - RSGU\" width=\"135\" height=\"135\" \/> <img loading=\"lazy\" decoding=\"async\" class=\"alignnone size-medium wp-image-358\" src=\"http:\/\/rsgu.eu\/wp-content\/uploads\/2018\/09\/cont-2c3.png\" alt=\"J\u016bras konteineri refri\u017eeratori cena- RSGU\" width=\"135\" height=\"135\" \/><\/strong><\/p>\n<h2><strong>REFRI\u017dERATORI UN D\u012aZE\u013b\u0122ENERATORI<\/strong><\/h2>\n<p>20\u2019RF\/20&#8217;RFHC\/40\u2019RF\/40\u2019RFHC\/45\u2019RF\/Carrier\/Thermoking<\/p>\n\n\t\t<\/div>\n\t<\/div>\n<div class=\"vc_btn3-container vc_btn3-inline vc_do_btn\" id=\"container_button\" ><a class=\"vc_general vc_btn3 vc_btn3-size-md vc_btn3-shape-rounded vc_btn3-style-outline vc_btn3-color-primary\" href=\"http:\/\/rsgu.eu\/lv\/containers_spcf\/?lang=lv&#038;lang=lv#refrigirated\" title=\"\">Las\u012bt vair\u0101k<\/a><\/div><\/div><\/div><\/div><\/div><div class=\"vc_row wpb_row vc_row-fluid twocol vc_custom_1536176063393\"><div class=\"container_column wpb_column vc_column_container vc_col-sm-6\"><div class=\"vc_column-inner\"><div class=\"wpb_wrapper\">\n\t<div class=\"wpb_text_column wpb_content_element\" >\n\t\t<div class=\"wpb_wrapper\">\n\t\t\t<p><img loading=\"lazy\" decoding=\"async\" class=\"alignnone size-full wp-image-361\" src=\"http:\/\/rsgu.eu\/wp-content\/uploads\/2018\/09\/cont-2c11.png\" alt=\"Speci\u0101lie j\u016bras konteineri - RSGU\" width=\"135\" height=\"135\" \/> <img loading=\"lazy\" decoding=\"async\" class=\"alignnone size-medium wp-image-362\" src=\"http:\/\/rsgu.eu\/wp-content\/uploads\/2018\/09\/cont-2c22.png\" alt=\"Speci\u0101lie j\u016bras konteineri cena - RSGU\" width=\"135\" height=\"135\" \/> <img loading=\"lazy\" decoding=\"async\" class=\"alignnone size-medium wp-image-363\" src=\"http:\/\/rsgu.eu\/wp-content\/uploads\/2018\/09\/cont-2c33.png\" alt=\"Speci\u0101lie j\u016bras konteineri noma - RSGU\" width=\"135\" height=\"135\" \/><\/p>\n<h2><strong>SPECI\u0100LIE KONTEINERI<\/strong><\/h2>\n<p>20\u2019OT\/40\u2019OT\/20\u2019HT\/40\u2019HT\/20\u2019FR\/40\u2019FR\/20\u2019PF\/40\u2019PF<\/p>\n\n\t\t<\/div>\n\t<\/div>\n<div class=\"vc_btn3-container vc_btn3-inline vc_do_btn\" id=\"container_button\" ><a class=\"vc_general vc_btn3 vc_btn3-size-md vc_btn3-shape-rounded vc_btn3-style-outline vc_btn3-color-primary\" href=\"http:\/\/rsgu.eu\/lv\/containers_spcf\/?lang=lv&#038;lang=lv#special\" title=\"\">Las\u012bt vair\u0101k<\/a><\/div><\/div><\/div><\/div><div class=\"container_column wpb_column vc_column_container vc_col-sm-6\"><div class=\"vc_column-inner\"><div class=\"wpb_wrapper\">\n\t<div class=\"wpb_text_column wpb_content_element\" >\n\t\t<div class=\"wpb_wrapper\">\n\t\t\t<p><strong> <img loading=\"lazy\" decoding=\"async\" class=\"alignnone size-full wp-image-364\" src=\"http:\/\/rsgu.eu\/wp-content\/uploads\/2018\/09\/con-31.png\" alt=\"Modu\u013cu konteineri - dz\u012bvojamie konteineri - RSGU\" width=\"135\" height=\"135\" \/> <img loading=\"lazy\" decoding=\"async\" class=\"alignnone size-medium wp-image-365\" src=\"http:\/\/rsgu.eu\/wp-content\/uploads\/2018\/09\/con-32.png\" alt=\"Pagaida ofisa un celtniec\u012bbas konteineri - RSGU\" width=\"135\" height=\"135\" \/> <img loading=\"lazy\" decoding=\"async\" class=\"alignnone size-medium wp-image-366\" src=\"http:\/\/rsgu.eu\/wp-content\/uploads\/2018\/09\/con-33.png\" alt=\"Sanit\u0101rie konteineri - RSGU\" width=\"135\" height=\"135\" \/><\/strong><\/p>\n<h2><strong>MODU\u013bU KONSTRUKCIJAS<\/strong><\/h2>\n<p>Ofisu un celtniec\u012bbas konteineri\/modu\u013ci\/sanit\u0101rie konteineri<\/p>\n\n\t\t<\/div>\n\t<\/div>\n<div class=\"vc_btn3-container vc_btn3-inline vc_do_btn\" id=\"container_button\" ><a class=\"vc_general vc_btn3 vc_btn3-size-md vc_btn3-shape-rounded vc_btn3-style-outline vc_btn3-color-primary\" href=\"http:\/\/rsgu.eu\/lv\/containers_spcf\/?lang=lv&#038;lang=lv#office\" title=\"\">Las\u012bt vair\u0101k<\/a><\/div><\/div><\/div><\/div><\/div><\/section><div class=\"vc_row wpb_row vc_row-fluid\"><div class=\"wpb_column vc_column_container vc_col-sm-12\"><div class=\"vc_column-inner\"><div class=\"wpb_wrapper\">\n\t<div class=\"wpb_text_column wpb_content_element\" >\n\t\t<div class=\"wpb_wrapper\">\n\t\t\t<h3><span style=\"color: #000000;\">K\u0101p\u0113c tie ir tik piepras\u012bti?<\/span><\/h3>\n<p><span style=\"color: #000000;\">Visbie\u017e\u0101k v\u0101rdu salikums \u201ej\u016bras konteineri\u201d asoci\u0113jas ar kravu p\u0101rvad\u0101jumiem pa j\u016bru, sauszemi un gaisu, tom\u0113r tie neb\u016bt nav vien\u012bgie uzdevumi, kam tie paredz\u0113ti. M\u016bsdienu tietiek izgatavoti, izmantojot inovat\u012bvas tehnolo\u0123ijas un ilgm\u016b\u017e\u012bgus materi\u0101lus, turkl\u0101t tiek pied\u0101v\u0101ti par \u013coti konkur\u0113tsp\u0113j\u012bg\u0101m cen\u0101m, t\u0101d\u0113j\u0101di \u013caujot realiz\u0113t visda\u017e\u0101d\u0101kos m\u0113r\u0137us.<\/span><\/p>\n<p><span style=\"color: #000000;\">Galven\u0101s \u012bpa\u0161\u012bbas, ar ko tie apvelt\u012bti un kas padara tos par univers\u0101l\u0101m konstrukcij\u0101m, ir:<\/span><\/p>\n<ul>\n<li><span style=\"color: #000000;\">augsta konstrukcijas slodzes iztur\u012bba, ko nodro\u0161ina t\u0113rauda vai alum\u012bnija karkass, stiprin\u0101juma sijas un met\u0101la lok\u0161\u0146u profili,<\/span><\/li>\n<li><span style=\"color: #000000;\">pla\u0161a izm\u0113ru da\u017e\u0101d\u012bba,<\/span><\/li>\n<li><span style=\"color: #000000;\">iesp\u0113ja apr\u012bkot ar vis\u0101m nepiecie\u0161amaj\u0101m komunik\u0101cij\u0101m un veikt gan iek\u0161\u0113jo, gan \u0101r\u0113jo apdari, padarot tos par pilnv\u0113rt\u012bgu vietu dz\u012bvo\u0161anai \u2013 k\u0101 \u012bslaic\u012bgai, t\u0101 ilgtermi\u0146a \u2013, k\u0101 ar\u012b mantu glab\u0101\u0161anai, ra\u017eo\u0161anai, tirdzniec\u012bbai un cita veida uz\u0146\u0113m\u0113jdarb\u012bbai,<\/span><\/li>\n<li><span style=\"color: #000000;\">pla\u0161as modifik\u0101cijas iesp\u0113jas, savienojot konteinerus kop\u0101 vai mont\u0113jot vienu uz otra, veidojot vair\u0101kus st\u0101vus,<\/span><\/li>\n<li><span style=\"color: #000000;\">lieliska aukstumiztur\u012bba un augsta ugunsdro\u0161\u012bbas pak\u0101pe,<\/span><\/li>\n<li><span style=\"color: #000000;\">vienk\u0101r\u0161a un \u0101tra transport\u0113\u0161ana.<\/span><\/li>\n<\/ul>\n\n\t\t<\/div>\n\t<\/div>\n<\/div><\/div><\/div><\/div><div class=\"vc_row wpb_row vc_row-fluid section_85\"><div class=\"wpb_column vc_column_container vc_col-sm-12\"><div class=\"vc_column-inner\"><div class=\"wpb_wrapper\"><\/div><\/div><\/div><\/div><section class=\"vc_section section_footer\"><div class=\"vc_row wpb_row vc_row-fluid\"><div class=\"wpb_column vc_column_container vc_col-sm-12\"><div class=\"vc_column-inner\"><div class=\"wpb_wrapper\">\n\t<div class=\"wpb_text_column wpb_content_element footer_title\" >\n\t\t<div class=\"wpb_wrapper\">\n\t\t\t<p>RS CONTAINER GROUP<\/p>\n\n\t\t<\/div>\n\t<\/div>\n<div class=\"vc_row wpb_row vc_inner vc_row-fluid\"><div class=\"wpb_column vc_column_container vc_col-sm-3\"><div class=\"vc_column-inner\"><div class=\"wpb_wrapper\">\n\t<div class=\"wpb_text_column wpb_content_element footer_contacts\" >\n\t\t<div class=\"wpb_wrapper\">\n\t\t\t<p>Phone:<br \/>\n<a href=\"tel:+371 67382706\"><strong style=\"margin-bottom: 15px;\">+371 67382706<\/strong><\/a><br \/>\nFax:<br \/>\n<a href=\"tel:+371 67381661\"><strong>+371 67381661<\/strong><\/a><\/p>\n\n\t\t<\/div>\n\t<\/div>\n<\/div><\/div><\/div><div class=\"wpb_column vc_column_container vc_col-sm-3\"><div class=\"vc_column-inner\"><div class=\"wpb_wrapper\">\n\t<div class=\"wpb_text_column wpb_content_element footer_contacts\" >\n\t\t<div class=\"wpb_wrapper\">\n\t\t\t<p>Mob.:<br \/>\n<a href=\"tel:+371 2881 1244\"><strong style=\"margin-bottom: 15px;\">+371 2881 1244<\/strong><\/a><br \/>\ne-mail:<br \/>\n<a href=\"mailto:info@rsgu.eu\"><strong>info@rsgu.eu<\/strong><\/a><\/p>\n\n\t\t<\/div>\n\t<\/div>\n<\/div><\/div><\/div><div class=\"wpb_column vc_column_container vc_col-sm-6\"><div class=\"vc_column-inner\"><div class=\"wpb_wrapper\">\n\t<div class=\"wpb_text_column wpb_content_element footer_text\" >\n\t\t<div class=\"wpb_wrapper\">\n\t\t\t<p>Lai piepras\u012btu inform\u0101ciju par konteineru pieg\u0101des cen\u0101m un termi\u0146iem, aizpildiet atbilsto\u0161o pas\u016bt\u012bjuma formu. Papildus inform\u0101ciju par m\u016bsu pakalpojumiem un konteineriem J\u016bs ar\u012b varat piepras\u012bt, uzrakstot v\u0113stuli br\u012bv\u0101 form\u0101 uz nor\u0101d\u012bto e-pastu.<\/p>\n\n\t\t<\/div>\n\t<\/div>\n<\/div><\/div><\/div><\/div><div class=\"vc_row wpb_row vc_inner vc_row-fluid\"><div class=\"wpb_column vc_column_container vc_col-sm-6\"><div class=\"vc_column-inner\"><div class=\"wpb_wrapper\">\n\t<div class=\"wpb_text_column wpb_content_element copyright\" >\n\t\t<div class=\"wpb_wrapper\">\n\t\t\t<p>\u00a9 2020 rsgu.eu. All rights reserved.<\/p>\n\n\t\t<\/div>\n\t<\/div>\n<\/div><\/div><\/div><div class=\"wpb_column vc_column_container vc_col-sm-6\"><div class=\"vc_column-inner\"><div class=\"wpb_wrapper\">\n\t<div class=\"wpb_text_column wpb_content_element footer_social\" >\n\t\t<div class=\"wpb_wrapper\">\n\t\t\t<p><a href=\"https:\/\/www.facebook.com\/RS.Container.Group\/\" target=\"_blank\" rel=\"noopener\"><img loading=\"lazy\" decoding=\"async\" width=\"31\" height=\"31\" class=\"facebook_head alignnone wp-image-14 size-full\" src=\"http:\/\/rsgu.eu\/wp-content\/uploads\/2018\/08\/fcb.png\" alt=\"\" \/><\/a>\u00a0<a href=\"https:\/\/g.page\/RS-Container-Group\/review\" target=\"_blank\" rel=\"noopener\"><img loading=\"lazy\" decoding=\"async\" class=\"alignnone wp-image-2120 size-full\" src=\"https:\/\/rsgu.eu\/wp-content\/uploads\/2019\/10\/GMB-ikona.png\" alt=\"\" width=\"31\" height=\"31\" \/><\/a><\/p>\n\n\t\t<\/div>\n\t<\/div>\n<\/div><\/div><\/div><\/div><\/div><\/div><\/div><\/div><\/section>\n<\/div>","protected":false},"excerpt":{"rendered":"Elizabetes iela 85A-19, R\u012bga, LV-1050 info@rsgu.eu +371 2881 1244 Latvie\u0161u English Estonian Lithuanian Russian S\u0101kums Par mums Konteineri Pakalpojumi Kontakti \u00a0 Iesp\u0113jas j\u016bsu biznesa un priv\u0101tajiem m\u0113r\u0137iem Komp\u0101nija \u201eRS Container Group\u201d nodarbojas ar j\u016bras konteineru tirdzniec\u012bbu un nomu jau vair\u0101k nek\u0101 10 gadus. Uz\u0146\u0113mumam ir konteineru noliktavas vair\u0101k\u0101s pasaules valst\u012bs. Pied\u0101v\u0101jum\u0101 \u2013 gan ieg\u0101dei, gan [...]","protected":false},"author":1,"featured_media":0,"parent":0,"menu_order":0,"comment_status":"closed","ping_status":"closed","template":"","meta":{"footnotes":""},"class_list":["post-1309","page","type-page","status-publish","hentry"],"_links":{"self":[{"href":"https:\/\/rsgu.eu\/lv\/wp-json\/wp\/v2\/pages\/1309","targetHints":{"allow":["GET"]}}],"collection":[{"href":"https:\/\/rsgu.eu\/lv\/wp-json\/wp\/v2\/pages"}],"about":[{"href":"https:\/\/rsgu.eu\/lv\/wp-json\/wp\/v2\/types\/page"}],"author":[{"embeddable":true,"href":"https:\/\/rsgu.eu\/lv\/wp-json\/wp\/v2\/users\/1"}],"replies":[{"embeddable":true,"href":"https:\/\/rsgu.eu\/lv\/wp-json\/wp\/v2\/comments?post=1309"}],"version-history":[{"count":47,"href":"https:\/\/rsgu.eu\/lv\/wp-json\/wp\/v2\/pages\/1309\/revisions"}],"predecessor-version":[{"id":2156,"href":"https:\/\/rsgu.eu\/lv\/wp-json\/wp\/v2\/pages\/1309\/revisions\/2156"}],"wp:attachment":[{"href":"https:\/\/rsgu.eu\/lv\/wp-json\/wp\/v2\/media?parent=1309"}],"curies":[{"name":"wp","href":"https:\/\/api.w.org\/{rel}","templated":true}]}}